{"id":6308,"date":"2023-08-04T16:43:00","date_gmt":"2023-08-04T16:43:00","guid":{"rendered":"https:\/\/kirche-immenhausen-espenau.de\/?page_id=6308"},"modified":"2026-03-08T08:25:52","modified_gmt":"2026-03-08T08:25:52","slug":"krabbelgruppen","status":"publish","type":"page","link":"https:\/\/kirche-immenhausen-espenau.de\/?page_id=6308","title":{"rendered":"Spielkreis Immenhausen"},"content":{"rendered":"<h4>Eins, zwei, drei &#8211; ein Spielkreis muss herbei!<\/h4>\n<p><img loading=\"lazy\" decoding=\"async\" class=\" wp-image-6361 alignright\" src=\"https:\/\/kirche-immenhausen-espenau.de\/wp-content\/uploads\/2023\/08\/Bild1-300x225.jpg\" alt=\"\" width=\"460\" height=\"345\" srcset=\"https:\/\/kirche-immenhausen-espenau.de\/wp-content\/uploads\/2023\/08\/Bild1-300x225.jpg 300w, https:\/\/kirche-immenhausen-espenau.de\/wp-content\/uploads\/2023\/08\/Bild1-1024x768.jpg 1024w, https:\/\/kirche-immenhausen-espenau.de\/wp-content\/uploads\/2023\/08\/Bild1-768x576.jpg 768w, https:\/\/kirche-immenhausen-espenau.de\/wp-content\/uploads\/2023\/08\/Bild1.jpg 1386w\" sizes=\"auto, (max-width: 460px) 100vw, 460px\" \/>Seit Januar 2023 findet in den R\u00e4umen des evangelischen Gemeindehauses endlich wieder ein Spielkreis statt.<\/p>\n<p>Drei Mamas aus Immenhausen haben sich zusammengetan, um den Spielkreis wieder aufleben zu lassen. Nach einem Gespr\u00e4ch mit Pfarrer Ley und der Begehung des Gemeindehauses, wurden uns dort die R\u00e4umlichkeiten sowie die vorhandenen Spielsachen zur Verf\u00fcgung gestellt.<\/p>\n<p>Nun findet jeden Mittwoch von 9.30 Uhr bis 11.00 Uhr der Spielkreis mit maximal 15 Mamas und ihren Kindern im Alter von 0-2 Jahren statt. Dabei wird gemeinsam gesungen, gespielt und es ist Zeit f\u00fcr nette Gespr\u00e4che. Das Interesse ist riesig und es gibt bereits eine sehr lange Warteliste. Es wird auch schon \u00fcber die \u00d6ffnung einer zweiten Gruppe nachgedacht.<\/p>\n<p>Wir freuen uns sehr \u00fcber die tolle Resonanz und sind sehr dankbar, dass die evangelische Gemeinde uns die R\u00e4umlichkeiten zur Verf\u00fcgung stellt. Der Bedarf in Immenhausen f\u00fcr einen Spielkreis, ein Begegnungszentrum oder Raum f\u00fcr soziale Kontakte f\u00fcr junge Eltern mit kleinen Kindern ist sehr hoch. Zur Zeit gibt es in Immenhausen jedoch leider kein weiteres Angebot. Nicht mal ein Cafe gibt es hier im Ort. Nach der schwierigen Pandemie Zeit, in der soziale Kontakte auf der Strecke blieben, sehnen sich nun alle danach. Doch viele Eltern m\u00fcssen weit fahren, um Kontakte und die F\u00f6rderung ihrer Babys und Kleinkindern zu realisieren. Es w\u00e4re toll, wenn weitere M\u00f6glichkeiten in Immenhausen geschaffen werden w\u00fcrden!<\/p>\n<p>Wenn auch ihr neue Kontakte mit Eltern und Kindern kn\u00fcpfen wollt oder euch sogar bei der Organisation engagieren wollt, meldet euch bei uns. Wir setzen euch gerne auf die Warteliste und informieren euch, wenn es etwas Neues gibt.<\/p>\n<p><a href=\"https:\/\/kirche-immenhausen-espenau.de\/wp-content\/uploads\/2026\/01\/Spielkreis.png\"><strong>Flyer<\/strong><\/a><\/p>\n<p>Kontakt:<\/p>\n<p><span class=\"TextRun SCXW73860599 BCX9\" lang=\"DE-DE\" xml:lang=\"DE-DE\" data-contrast=\"none\"><span class=\"NormalTextRun SCXW73860599 BCX9\">Jessica Raabe, Telefon <a href=\"tel:+491725284671\">0172 5284671<\/a>, E-Mail: <\/span><\/span><a class=\"Hyperlink SCXW73860599 BCX9\" href=\"mailto:jessi-raabe@gmx.de\" target=\"_blank\" rel=\"noreferrer noopener\"><span class=\"TextRun Underlined SCXW73860599 BCX9\" lang=\"DE-DE\" xml:lang=\"DE-DE\" data-contrast=\"none\"><span class=\"NormalTextRun SCXW73860599 BCX9\" data-ccp-charstyle=\"Hyperlink\">jessi-raabe@gmx.de<\/span><\/span><\/a> <span class=\"LineBreakBlob BlobObject DragDrop SCXW73860599 BCX9\"><span class=\"SCXW73860599 BCX9\">\u00a0<\/span><br class=\"SCXW73860599 BCX9\" \/><\/span><\/p>\n\n\n<figure class=\"wp-block-image size-large\"><img loading=\"lazy\" decoding=\"async\" width=\"724\" height=\"1024\" src=\"https:\/\/kirche-immenhausen-espenau.de\/wp-content\/uploads\/2026\/03\/Kinder_Bibelwoche_2026-724x1024.png\" alt=\"\" class=\"wp-image-8245\" srcset=\"https:\/\/kirche-immenhausen-espenau.de\/wp-content\/uploads\/2026\/03\/Kinder_Bibelwoche_2026-724x1024.png 724w, https:\/\/kirche-immenhausen-espenau.de\/wp-content\/uploads\/2026\/03\/Kinder_Bibelwoche_2026-212x300.png 212w, https:\/\/kirche-immenhausen-espenau.de\/wp-content\/uploads\/2026\/03\/Kinder_Bibelwoche_2026-768x1086.png 768w, https:\/\/kirche-immenhausen-espenau.de\/wp-content\/uploads\/2026\/03\/Kinder_Bibelwoche_2026-1086x1536.png 1086w, https:\/\/kirche-immenhausen-espenau.de\/wp-content\/uploads\/2026\/03\/Kinder_Bibelwoche_2026.png 1414w\" sizes=\"auto, (max-width: 724px) 100vw, 724px\" \/><\/figure>\n","protected":false},"excerpt":{"rendered":"<p>Eins, zwei, drei &#8211; ein Spielkreis muss herbei! Seit Januar 2023 findet in den R\u00e4umen des evangelischen Gemeindehauses endlich wieder ein Spielkreis statt. Drei Mamas aus Immenhausen haben sich zusammengetan, um den Spielkreis wieder aufleben zu lassen. Nach einem Gespr\u00e4ch mit Pfarrer Ley und der Begehung des Gemeindehauses, wurden uns dort die R\u00e4umlichkeiten sowie die&hellip;<\/p>\n","protected":false},"author":7,"featured_media":0,"parent":0,"menu_order":0,"comment_status":"closed","ping_status":"closed","template":"","meta":{"footnotes":""},"class_list":["post-6308","page","type-page","status-publish","hentry","description-off"],"publishpress_future_action":{"enabled":false,"date":"2026-05-13 13:04:09","action":"change-status","newStatus":"draft","terms":[],"taxonomy":"","extraData":[]},"publishpress_future_workflow_manual_trigger":{"enabledWorkflows":[]},"_links":{"self":[{"href":"https:\/\/kirche-immenhausen-espenau.de\/index.php?rest_route=\/wp\/v2\/pages\/6308","targetHints":{"allow":["GET"]}}],"collection":[{"href":"https:\/\/kirche-immenhausen-espenau.de\/index.php?rest_route=\/wp\/v2\/pages"}],"about":[{"href":"https:\/\/kirche-immenhausen-espenau.de\/index.php?rest_route=\/wp\/v2\/types\/page"}],"author":[{"embeddable":true,"href":"https:\/\/kirche-immenhausen-espenau.de\/index.php?rest_route=\/wp\/v2\/users\/7"}],"replies":[{"embeddable":true,"href":"https:\/\/kirche-immenhausen-espenau.de\/index.php?rest_route=%2Fwp%2Fv2%2Fcomments&post=6308"}],"version-history":[{"count":13,"href":"https:\/\/kirche-immenhausen-espenau.de\/index.php?rest_route=\/wp\/v2\/pages\/6308\/revisions"}],"predecessor-version":[{"id":8247,"href":"https:\/\/kirche-immenhausen-espenau.de\/index.php?rest_route=\/wp\/v2\/pages\/6308\/revisions\/8247"}],"wp:attachment":[{"href":"https:\/\/kirche-immenhausen-espenau.de\/index.php?rest_route=%2Fwp%2Fv2%2Fmedia&parent=6308"}],"curies":[{"name":"wp","href":"https:\/\/api.w.org\/{rel}","templated":true}]}}