{"id":6284,"date":"2023-08-04T16:33:49","date_gmt":"2023-08-04T16:33:49","guid":{"rendered":"https:\/\/kirche-immenhausen-espenau.de\/?page_id=6284"},"modified":"2024-05-19T12:57:08","modified_gmt":"2024-05-19T12:57:08","slug":"teamer-sein","status":"publish","type":"page","link":"https:\/\/kirche-immenhausen-espenau.de\/?page_id=6284","title":{"rendered":"Teamer sein"},"content":{"rendered":"<p><img loading=\"lazy\" decoding=\"async\" class=\" wp-image-6486 alignright\" src=\"https:\/\/kirche-immenhausen-espenau.de\/wp-content\/uploads\/2023\/08\/004-Teamer2-300x225.jpg\" alt=\"\" width=\"419\" height=\"314\" srcset=\"https:\/\/kirche-immenhausen-espenau.de\/wp-content\/uploads\/2023\/08\/004-Teamer2-300x225.jpg 300w, https:\/\/kirche-immenhausen-espenau.de\/wp-content\/uploads\/2023\/08\/004-Teamer2-1024x768.jpg 1024w, https:\/\/kirche-immenhausen-espenau.de\/wp-content\/uploads\/2023\/08\/004-Teamer2-768x576.jpg 768w, https:\/\/kirche-immenhausen-espenau.de\/wp-content\/uploads\/2023\/08\/004-Teamer2-1536x1152.jpg 1536w, https:\/\/kirche-immenhausen-espenau.de\/wp-content\/uploads\/2023\/08\/004-Teamer2-2048x1536.jpg 2048w\" sizes=\"auto, (max-width: 419px) 100vw, 419px\" \/>Ohne Teamer, unsere jungen mithelfenden Ehrenamtlichen, w\u00fcrden wir unsere Arbeit in dem Umfang, wie wir es tun, nicht gestalten k\u00f6nnen. Wir sch\u00e4tzen Ihren Einsatz sehr wert und freuen uns immer wieder \u00fcber neu einsteigende Teamer.<\/p>\n<p>Wir bieten den jungen Teamern ein Erprobungsfeld, in welchem wir Ihnen Entscheidungsbefugnisse in der Programmgestaltung zugestehen. Damit wird echte Partizipation erm\u00f6glicht und das Verantwortungsbewusstsein gesteigert. Nicht zuletzt erwerben Sie soziale Kompetenzen und machen wertvolle Erfahrungen f\u00fcr Ihren weiteren Lebensweg.<\/p>\n<p>In ihrer Mitarbeit werden sie durch von uns durchgef\u00fchrte Weiterbildungsm\u00f6glichkeiten wie startup oder juleica gef\u00f6rdert. Die Fleyer zu <a href=\"https:\/\/kirche-immenhausen-espenau.de\/wp-content\/uploads\/2023\/08\/Flyer-Start-Up-2023.pdf\">startup<\/a> und <a href=\"https:\/\/kirche-immenhausen-espenau.de\/wp-content\/uploads\/2024\/05\/Juleica-Flyer-2024-2025.jpg\">juleika<\/a> sind hier verlinkt.<\/p>\n<p>Kontakt: Arne Marinelli, Telefon <a href=\"tel:+4901772634743\">0177 2634743<\/a>, E-Mail: <a href=\"mailto:arne.marinelli@ekkw.de\">arne.marinelli(at)ekkw.de<\/a><\/p>\n<p>\u00a0<\/p>\n\n\n<p>&nbsp;<\/p>\n","protected":false},"excerpt":{"rendered":"<p>Ohne Teamer, unsere jungen mithelfenden Ehrenamtlichen, w\u00fcrden wir unsere Arbeit in dem Umfang, wie wir es tun, nicht gestalten k\u00f6nnen. Wir sch\u00e4tzen Ihren Einsatz sehr wert und freuen uns immer wieder \u00fcber neu einsteigende Teamer. Wir bieten den jungen Teamern ein Erprobungsfeld, in welchem wir Ihnen Entscheidungsbefugnisse in der Programmgestaltung zugestehen. Damit wird echte Partizipation&hellip;<\/p>\n","protected":false},"author":7,"featured_media":0,"parent":0,"menu_order":0,"comment_status":"closed","ping_status":"closed","template":"","meta":{"footnotes":""},"class_list":["post-6284","page","type-page","status-publish","hentry","description-off"],"publishpress_future_action":{"enabled":false,"date":"2026-05-14 13:31:50","action":"change-status","newStatus":"draft","terms":[],"taxonomy":"","extraData":[]},"publishpress_future_workflow_manual_trigger":{"enabledWorkflows":[]},"_links":{"self":[{"href":"https:\/\/kirche-immenhausen-espenau.de\/index.php?rest_route=\/wp\/v2\/pages\/6284","targetHints":{"allow":["GET"]}}],"collection":[{"href":"https:\/\/kirche-immenhausen-espenau.de\/index.php?rest_route=\/wp\/v2\/pages"}],"about":[{"href":"https:\/\/kirche-immenhausen-espenau.de\/index.php?rest_route=\/wp\/v2\/types\/page"}],"author":[{"embeddable":true,"href":"https:\/\/kirche-immenhausen-espenau.de\/index.php?rest_route=\/wp\/v2\/users\/7"}],"replies":[{"embeddable":true,"href":"https:\/\/kirche-immenhausen-espenau.de\/index.php?rest_route=%2Fwp%2Fv2%2Fcomments&post=6284"}],"version-history":[{"count":17,"href":"https:\/\/kirche-immenhausen-espenau.de\/index.php?rest_route=\/wp\/v2\/pages\/6284\/revisions"}],"predecessor-version":[{"id":7171,"href":"https:\/\/kirche-immenhausen-espenau.de\/index.php?rest_route=\/wp\/v2\/pages\/6284\/revisions\/7171"}],"wp:attachment":[{"href":"https:\/\/kirche-immenhausen-espenau.de\/index.php?rest_route=%2Fwp%2Fv2%2Fmedia&parent=6284"}],"curies":[{"name":"wp","href":"https:\/\/api.w.org\/{rel}","templated":true}]}}