{"id":6260,"date":"2023-08-04T16:26:19","date_gmt":"2023-08-04T16:26:19","guid":{"rendered":"https:\/\/kirche-immenhausen-espenau.de\/?page_id=6260"},"modified":"2026-01-28T17:31:43","modified_gmt":"2026-01-28T17:31:43","slug":"kirchenmaeuse-espenau","status":"publish","type":"page","link":"https:\/\/kirche-immenhausen-espenau.de\/?page_id=6260","title":{"rendered":"Kirchenm\u00e4use Espenau"},"content":{"rendered":"<p><img loading=\"lazy\" decoding=\"async\" class=\" wp-image-6483 alignright\" src=\"https:\/\/kirche-immenhausen-espenau.de\/wp-content\/uploads\/2023\/08\/003-Kirchenmaeuse2-225x300.jpg\" alt=\"\" width=\"380\" height=\"507\" srcset=\"https:\/\/kirche-immenhausen-espenau.de\/wp-content\/uploads\/2023\/08\/003-Kirchenmaeuse2-225x300.jpg 225w, https:\/\/kirche-immenhausen-espenau.de\/wp-content\/uploads\/2023\/08\/003-Kirchenmaeuse2-768x1024.jpg 768w, https:\/\/kirche-immenhausen-espenau.de\/wp-content\/uploads\/2023\/08\/003-Kirchenmaeuse2-1152x1536.jpg 1152w, https:\/\/kirche-immenhausen-espenau.de\/wp-content\/uploads\/2023\/08\/003-Kirchenmaeuse2-1536x2048.jpg 1536w, https:\/\/kirche-immenhausen-espenau.de\/wp-content\/uploads\/2023\/08\/003-Kirchenmaeuse2-scaled.jpg 1920w\" sizes=\"auto, (max-width: 380px) 100vw, 380px\" \/>Die Kirchenm\u00e4use sind eine Gruppe f\u00fcr die Kleinen der Gemeinden Hohenkirchen und M\u00f6nchehof (5-10 Jahre). Wir treffen uns immer montags von 16.00 bis 17.30 Uhr im Gemeindehaus M\u00f6nchehof. Neben Koch- und Bastelaktionen machen wir Ausfl\u00fcge, Schnitzeljagden und Spiele. Das aktuelle Programm liegt im Gemeindehaus M\u00f6nchehof aus und wird <a href=\"https:\/\/kirche-immenhausen-espenau.de\/wp-content\/uploads\/2026\/01\/Kirchenmaeuse-1.-HJ-2026.png\">hier im Internet<\/a> ver\u00f6ffentlicht.<\/p>\n<p>Kontakt:<br \/>\nArne Marinelli, Telefon <a href=\"tel:+4901772634743\">0177 2634743<\/a>, E-Mail: <a href=\"mailto:arne.marinelli@ekkw.de\">arne.marinelli(at)ekkw.de<\/a><\/p>\n<p><img loading=\"lazy\" decoding=\"async\" class=\"alignnone wp-image-6494\" src=\"https:\/\/kirche-immenhausen-espenau.de\/wp-content\/uploads\/2023\/08\/002-Kirchenmaeuse1-300x225.jpg\" alt=\"\" width=\"448\" height=\"336\" srcset=\"https:\/\/kirche-immenhausen-espenau.de\/wp-content\/uploads\/2023\/08\/002-Kirchenmaeuse1-300x225.jpg 300w, https:\/\/kirche-immenhausen-espenau.de\/wp-content\/uploads\/2023\/08\/002-Kirchenmaeuse1-1024x768.jpg 1024w, https:\/\/kirche-immenhausen-espenau.de\/wp-content\/uploads\/2023\/08\/002-Kirchenmaeuse1-768x576.jpg 768w, https:\/\/kirche-immenhausen-espenau.de\/wp-content\/uploads\/2023\/08\/002-Kirchenmaeuse1-1536x1152.jpg 1536w, https:\/\/kirche-immenhausen-espenau.de\/wp-content\/uploads\/2023\/08\/002-Kirchenmaeuse1-2048x1536.jpg 2048w\" sizes=\"auto, (max-width: 448px) 100vw, 448px\" \/><\/p>\n","protected":false},"excerpt":{"rendered":"<p>Die Kirchenm\u00e4use sind eine Gruppe f\u00fcr die Kleinen der Gemeinden Hohenkirchen und M\u00f6nchehof (5-10 Jahre). Wir treffen uns immer montags von 16.00 bis 17.30 Uhr im Gemeindehaus M\u00f6nchehof. Neben Koch- und Bastelaktionen machen wir Ausfl\u00fcge, Schnitzeljagden und Spiele. Das aktuelle Programm liegt im Gemeindehaus M\u00f6nchehof aus und wird hier im Internet ver\u00f6ffentlicht. Kontakt: Arne Marinelli,&hellip;<\/p>\n","protected":false},"author":7,"featured_media":0,"parent":0,"menu_order":0,"comment_status":"closed","ping_status":"closed","template":"","meta":{"footnotes":""},"class_list":["post-6260","page","type-page","status-publish","hentry","description-off"],"publishpress_future_action":{"enabled":false,"date":"2026-05-14 13:38:15","action":"change-status","newStatus":"draft","terms":[],"taxonomy":"","extraData":[]},"publishpress_future_workflow_manual_trigger":{"enabledWorkflows":[]},"_links":{"self":[{"href":"https:\/\/kirche-immenhausen-espenau.de\/index.php?rest_route=\/wp\/v2\/pages\/6260","targetHints":{"allow":["GET"]}}],"collection":[{"href":"https:\/\/kirche-immenhausen-espenau.de\/index.php?rest_route=\/wp\/v2\/pages"}],"about":[{"href":"https:\/\/kirche-immenhausen-espenau.de\/index.php?rest_route=\/wp\/v2\/types\/page"}],"author":[{"embeddable":true,"href":"https:\/\/kirche-immenhausen-espenau.de\/index.php?rest_route=\/wp\/v2\/users\/7"}],"replies":[{"embeddable":true,"href":"https:\/\/kirche-immenhausen-espenau.de\/index.php?rest_route=%2Fwp%2Fv2%2Fcomments&post=6260"}],"version-history":[{"count":18,"href":"https:\/\/kirche-immenhausen-espenau.de\/index.php?rest_route=\/wp\/v2\/pages\/6260\/revisions"}],"predecessor-version":[{"id":8129,"href":"https:\/\/kirche-immenhausen-espenau.de\/index.php?rest_route=\/wp\/v2\/pages\/6260\/revisions\/8129"}],"wp:attachment":[{"href":"https:\/\/kirche-immenhausen-espenau.de\/index.php?rest_route=%2Fwp%2Fv2%2Fmedia&parent=6260"}],"curies":[{"name":"wp","href":"https:\/\/api.w.org\/{rel}","templated":true}]}}