{"id":6166,"date":"2023-08-03T07:36:26","date_gmt":"2023-08-03T07:36:26","guid":{"rendered":"https:\/\/kirche-immenhausen-espenau.de\/?page_id=6166"},"modified":"2024-05-30T09:34:51","modified_gmt":"2024-05-30T09:34:51","slug":"seniorenarbeit-in-espenau","status":"publish","type":"page","link":"https:\/\/kirche-immenhausen-espenau.de\/?page_id=6166","title":{"rendered":"Seniorenarbeit in Espenau"},"content":{"rendered":"\n<p>&nbsp;<\/p>\n\n\n<h4><strong>Gemeinsam sind wir stark!<\/strong><\/h4>\n<p><img loading=\"lazy\" decoding=\"async\" class=\" wp-image-6171 alignright\" src=\"https:\/\/kirche-immenhausen-espenau.de\/wp-content\/uploads\/2023\/08\/Senioren-Espenau-300x170.jpg\" alt=\"\" width=\"402\" height=\"228\" srcset=\"https:\/\/kirche-immenhausen-espenau.de\/wp-content\/uploads\/2023\/08\/Senioren-Espenau-300x170.jpg 300w, https:\/\/kirche-immenhausen-espenau.de\/wp-content\/uploads\/2023\/08\/Senioren-Espenau.jpg 704w\" sizes=\"auto, (max-width: 402px) 100vw, 402px\" \/>Seit Jahren gibt es in Espenau zwei Seniorengruppen, zum einen die Frauenhilfe in Hohenkirchen und den Treffpunkt Gemeinde +\/- 60 in M\u00f6nchehof. Beide Gruppen trafen sich alle vierzehn Tage an ihrem jeweiligen Ort.<br \/>Nach Corona haben wir den Versuch gestartet beide Gruppen zu vereinen. Zun\u00e4chst zur Probe, aber mittlerweile haben sich unsere Treffen eingespielt. Wir sind immer noch zwei Gruppen, treffen uns aber abwechselnd, einmal im Monat, mal in Hohenkirchen, mal in M\u00f6nchehof, oder auch mal jeder f\u00fcr sich. Nach einer kleinen Andacht trinken wir Kaffee, h\u00f6ren Referate zu den verschiedensten Themen, feiern und Singen miteinander. Auch das gemeinsame Schnuddeln ist wichtig. Wir freuen uns sehr \u00fcber jeden, der zu uns kommt.<\/p>\n<p>.<\/p>\n<p><strong>Ansprechpartnerinnen <\/strong><\/p>\n<p>f\u00fcr Hohenkirchen sind<br \/>Waltraud Hickmann, Telefon <a href=\"tel:+4956733181\">05673 3181<\/a> und Irmhild Kurzenknabe, Telefon <a href=\"tel:+49056737734\">05673 7734<\/a><\/p>\n<p>und f\u00fcr M\u00f6nchehof<br \/>Ingrid Go\u00dfmann, Telefon <a href=\"tel:+49056733658\">05673 3658<\/a> und Rita Krause, Telefon <a href=\"tel:+49056737412\">05673 7412<\/a>.<\/p>\n<p>\u00a0<\/p>","protected":false},"excerpt":{"rendered":"<p>&nbsp; Gemeinsam sind wir stark! Seit Jahren gibt es in Espenau zwei Seniorengruppen, zum einen die Frauenhilfe in Hohenkirchen und den Treffpunkt Gemeinde +\/- 60 in M\u00f6nchehof. Beide Gruppen trafen sich alle vierzehn Tage an ihrem jeweiligen Ort.Nach Corona haben wir den Versuch gestartet beide Gruppen zu vereinen. Zun\u00e4chst zur Probe, aber mittlerweile haben sich&hellip;<\/p>\n","protected":false},"author":7,"featured_media":0,"parent":0,"menu_order":0,"comment_status":"closed","ping_status":"closed","template":"","meta":{"footnotes":""},"class_list":["post-6166","page","type-page","status-publish","hentry","description-off"],"publishpress_future_action":{"enabled":false,"date":"2026-05-13 13:02:02","action":"change-status","newStatus":"draft","terms":[],"taxonomy":"","extraData":[]},"publishpress_future_workflow_manual_trigger":{"enabledWorkflows":[]},"_links":{"self":[{"href":"https:\/\/kirche-immenhausen-espenau.de\/index.php?rest_route=\/wp\/v2\/pages\/6166","targetHints":{"allow":["GET"]}}],"collection":[{"href":"https:\/\/kirche-immenhausen-espenau.de\/index.php?rest_route=\/wp\/v2\/pages"}],"about":[{"href":"https:\/\/kirche-immenhausen-espenau.de\/index.php?rest_route=\/wp\/v2\/types\/page"}],"author":[{"embeddable":true,"href":"https:\/\/kirche-immenhausen-espenau.de\/index.php?rest_route=\/wp\/v2\/users\/7"}],"replies":[{"embeddable":true,"href":"https:\/\/kirche-immenhausen-espenau.de\/index.php?rest_route=%2Fwp%2Fv2%2Fcomments&post=6166"}],"version-history":[{"count":16,"href":"https:\/\/kirche-immenhausen-espenau.de\/index.php?rest_route=\/wp\/v2\/pages\/6166\/revisions"}],"predecessor-version":[{"id":7216,"href":"https:\/\/kirche-immenhausen-espenau.de\/index.php?rest_route=\/wp\/v2\/pages\/6166\/revisions\/7216"}],"wp:attachment":[{"href":"https:\/\/kirche-immenhausen-espenau.de\/index.php?rest_route=%2Fwp%2Fv2%2Fmedia&parent=6166"}],"curies":[{"name":"wp","href":"https:\/\/api.w.org\/{rel}","templated":true}]}}