{"id":6135,"date":"2023-08-02T15:17:44","date_gmt":"2023-08-02T15:17:44","guid":{"rendered":"https:\/\/kirche-immenhausen-espenau.de\/?page_id=6135"},"modified":"2023-08-02T15:59:49","modified_gmt":"2023-08-02T15:59:49","slug":"posaunenchor-obervellmar-espenau","status":"publish","type":"page","link":"https:\/\/kirche-immenhausen-espenau.de\/?page_id=6135","title":{"rendered":"Posaunenchor Obervellmar-Espenau"},"content":{"rendered":"\n<p><h4>Gott loben, das ist unser Amt<\/h4><\/p>\n\n\n\n<p><img loading=\"lazy\" decoding=\"async\" class=\" wp-image-6138 alignright\" src=\"https:\/\/kirche-immenhausen-espenau.de\/wp-content\/uploads\/2023\/08\/Posaunenchor-300x90.jpg\" alt=\"\" width=\"440\" height=\"132\" srcset=\"https:\/\/kirche-immenhausen-espenau.de\/wp-content\/uploads\/2023\/08\/Posaunenchor-300x90.jpg 300w, https:\/\/kirche-immenhausen-espenau.de\/wp-content\/uploads\/2023\/08\/Posaunenchor-1024x307.jpg 1024w, https:\/\/kirche-immenhausen-espenau.de\/wp-content\/uploads\/2023\/08\/Posaunenchor-768x231.jpg 768w, https:\/\/kirche-immenhausen-espenau.de\/wp-content\/uploads\/2023\/08\/Posaunenchor.jpg 1199w\" sizes=\"auto, (max-width: 440px) 100vw, 440px\" \/>Wir sind der Posaunenchor der Kirchengemeinden Espenau und Obervellmar. Wir treffen uns in der Schulzeit freitags von 18.30 Uhr bis 20 Uhr im Gemeindehaus Obervellmar, Schulstra\u00dfe 10. Wer (noch) keinen fahrbaren Untersatz hat, findet fast immer eine Mitfahrgelegenheit. In unserem Chor spielen etwa 15 Blechbl\u00e4ser und -bl\u00e4serinnen von Jung bis Alt, die einfach Spa\u00df daran haben, gemeinsam Musik zu machen. Wir loben Gott mit unserer Musik, indem wir kirchliche Veranstaltungen musikalisch mitgestalten. Dar\u00fcber hinaus spielen wir aber auch zu anderen lokalen Anl\u00e4ssen in der Umgebung. Zu unserem Repertoire geh\u00f6ren die Chor\u00e4le aus dem evangelischen Gesangbuch, aber auch viele weitere St\u00fccke von \u00e4lterer bis zu moderner Musik. Jeder, der ein Blechblasinstrument spielen kann oder eines erlernen m\u00f6chte, kann gerne bei uns mitmachen. Wir freuen uns \u00fcber jeden neuen und motivierten Bl\u00e4ser!<\/p>\n\n\n\n<p>Kontakt f\u00fcr Espenau: Henning Holzh\u00fcter, Buchenstra\u00dfe 18, Telefon <a href=\"tel:+495673925504\">05673 925504<\/a>, Mail: <a href=\"mailto:henning.holzhueter@t-online.de\">henning.holzhueter(at)t-online.de<\/a><\/p>\n\n\n\n<p>Homepage des Posaunenchors: <a href=\"https:\/\/pcobervellmarespenau.wordpress.com\/\">https:\/\/pcobervellmarespenau.wordpress.com\/<\/a><\/p>\n\n\n\n<p>&nbsp;<\/p>\n\n\n\n<p>&nbsp;<\/p>\n","protected":false},"excerpt":{"rendered":"<p>Gott loben, das ist unser Amt Wir sind der Posaunenchor der Kirchengemeinden Espenau und Obervellmar. Wir treffen uns in der Schulzeit freitags von 18.30 Uhr bis 20 Uhr im Gemeindehaus Obervellmar, Schulstra\u00dfe 10. Wer (noch) keinen fahrbaren Untersatz hat, findet fast immer eine Mitfahrgelegenheit. In unserem Chor spielen etwa 15 Blechbl\u00e4ser und -bl\u00e4serinnen von Jung&hellip;<\/p>\n","protected":false},"author":7,"featured_media":0,"parent":0,"menu_order":0,"comment_status":"closed","ping_status":"closed","template":"","meta":{"footnotes":""},"class_list":["post-6135","page","type-page","status-publish","hentry","description-off"],"publishpress_future_action":{"enabled":false,"date":"2026-05-14 13:36:55","action":"change-status","newStatus":"draft","terms":[],"taxonomy":"","extraData":[]},"publishpress_future_workflow_manual_trigger":{"enabledWorkflows":[]},"_links":{"self":[{"href":"https:\/\/kirche-immenhausen-espenau.de\/index.php?rest_route=\/wp\/v2\/pages\/6135","targetHints":{"allow":["GET"]}}],"collection":[{"href":"https:\/\/kirche-immenhausen-espenau.de\/index.php?rest_route=\/wp\/v2\/pages"}],"about":[{"href":"https:\/\/kirche-immenhausen-espenau.de\/index.php?rest_route=\/wp\/v2\/types\/page"}],"author":[{"embeddable":true,"href":"https:\/\/kirche-immenhausen-espenau.de\/index.php?rest_route=\/wp\/v2\/users\/7"}],"replies":[{"embeddable":true,"href":"https:\/\/kirche-immenhausen-espenau.de\/index.php?rest_route=%2Fwp%2Fv2%2Fcomments&post=6135"}],"version-history":[{"count":23,"href":"https:\/\/kirche-immenhausen-espenau.de\/index.php?rest_route=\/wp\/v2\/pages\/6135\/revisions"}],"predecessor-version":[{"id":6164,"href":"https:\/\/kirche-immenhausen-espenau.de\/index.php?rest_route=\/wp\/v2\/pages\/6135\/revisions\/6164"}],"wp:attachment":[{"href":"https:\/\/kirche-immenhausen-espenau.de\/index.php?rest_route=%2Fwp%2Fv2%2Fmedia&parent=6135"}],"curies":[{"name":"wp","href":"https:\/\/api.w.org\/{rel}","templated":true}]}}