{"id":5854,"date":"2023-03-21T15:48:20","date_gmt":"2023-03-21T15:48:20","guid":{"rendered":"https:\/\/kirche-immenhausen-espenau.de\/?page_id=5854"},"modified":"2025-02-24T08:35:54","modified_gmt":"2025-02-24T08:35:54","slug":"datenschutzerklaerung","status":"publish","type":"page","link":"https:\/\/kirche-immenhausen-espenau.de\/?page_id=5854","title":{"rendered":"Datenschutzerkl\u00e4rung"},"content":{"rendered":"\n<p><strong>Geltungsbereich<\/strong><\/p>\n\n\n\n<p>Diese Datenschutzerkl\u00e4rung kl\u00e4rt Nutzer \u00fcber die Art, den Umfang und die Zwecke der Erhebung und Verwendung personenbezogener Daten im Internetauftritt Internetadresse angeben (im Folgenden \u201eAngebot\u201c) durch den verantwortlichen Anbieter, Anbieter angeben (im Folgenden \u201eAnbieter\u201c), auf. Die rechtlichen Grundlagen des Datenschutzes finden sich im Kirchengesetz \u00fcber den Datenschutz der Evangelischen Kirche in Deutschland (DSG-EKD) und dem Telemediengesetz (TMG).<\/p>\n\n\n\n<div class=\"wp-block-group\"><div class=\"wp-block-group__inner-container is-layout-constrained wp-block-group-is-layout-constrained\">\n<hr class=\"wp-block-separator has-alpha-channel-opacity is-style-wide\"\/>\n<\/div><\/div>\n\n\n\n<p><strong>Generelle Fragen zum Datenschutz<\/strong><\/p>\n\n\n\n<p><strong>Verantwortliche Stelle<\/strong><\/p>\n\n\n\n<p>Zweckverband der Evangelischen Kirchengemeinden im Kirchspiel Immenhausen-Espenau<br>Pfarrerin Stephanie Schmidt<br>Kamp\u00adweg 17b<br>34376 Im\u00admen\u00adhau\u00adsen<\/p>\n\n\n\n<p> <a href=\"tel:+4956734275\">+49 5673 4275<\/a><\/p>\n\n\n\n<p><strong>Mail\u00adkon\u00adtakt:<\/strong> <a href=\"mailto:pfarramt.immenhausen-espenau(at)ekkw.de\">pfarramt.immenhausen-espenau(at)ekkw.de<\/a><\/p>\n\n\n\n<p><strong>Zweck der Datenverarbeitung<\/strong><\/p>\n\n\n\n<p>Ihre Daten werden nur zur Bearbeitung Ihrer Anfrage genutzt und ohne Ihre ausdr\u00fcckliche Zustimmung nicht an Dritte weitergegeben. Ihre Daten werden mittels SSL-Verschl\u00fcsselung \u00fcbermittelt.<\/p>\n\n\n\n<p><strong>Dauer der Speicherung<\/strong><\/p>\n\n\n\n<p>Ihre Daten werden nach Erf\u00fcllung der in unserer Zust\u00e4ndigkeit liegenden Aufgaben und nach Erf\u00fcllung rechtlicher Verpflichtungen datenschutzkonform gel\u00f6scht.<\/p>\n\n\n\n<p><strong>Empf\u00e4nger<\/strong><\/p>\n\n\n\n<p>Bei Benutzung der Kontaktformulare werden Ihre Daten an die jeweils zust\u00e4ndigen Pfarrstelleninhaber geschickt. Sie sind oberhalb der Formulare entsprechend benannt. Anfragen an die Redaktion werden an die im Impressum benannte Adminstration versendet.<\/p>\n\n\n\n<p>Ihre Daten werden nicht an Dritte weitergegeben, es sei denn Sie haben uns eine Einwilligung dazu erteilt.<\/p>\n\n\n\n<div class=\"wp-block-group\"><div class=\"wp-block-group__inner-container is-layout-constrained wp-block-group-is-layout-constrained\">\n<hr class=\"wp-block-separator has-alpha-channel-opacity is-style-wide\"\/>\n<\/div><\/div>\n\n\n\n<p><strong>Zugriffsdaten\/ Server-Logfiles<\/strong><\/p>\n\n\n\n<p>Der Anbieter (beziehungsweise der von ihm beauftragte Webspace-Provider) erhebt Daten \u00fcber jeden Zugriff auf das Angebot (so genannte Serverlogfiles). Zu den Zugriffsdaten geh\u00f6ren:<\/p>\n\n\n\n<p>Name der abgerufenen Webseite, Datei, Datum und Uhrzeit des Abrufs, \u00fcbertragene Datenmenge, Meldung \u00fcber erfolgreichen Abruf, Browsertyp nebst Version, das Betriebssystem des Nutzers, Referrer URL (die zuvor besuchte Seite), IP-Adresse und der anfragende Provider.<\/p>\n\n\n\n<p>Der Anbieter verwendet die Protokolldaten nur f\u00fcr statistische Auswertungen zum Zweck des Betriebs, der Sicherheit und der Optimierung des Angebotes. Der Anbieter beh\u00e4lt sich jedoch vor, die Protokolldaten nachtr\u00e4glich zu \u00fcberpr\u00fcfen, wenn aufgrund konkreter Anhaltspunkte der berechtigte Verdacht einer rechtswidrigen Nutzung besteht.<\/p>\n\n\n\n<p>Eine Zusammenf\u00fchrung dieser Daten mit anderen Datenquellen wird nicht vorgenommen.<\/p>\n\n\n\n<p>Grundlage f\u00fcr die Datenverarbeitung ist \u00a7 6 Ziffer 5 DSG-EKD, der die Verarbeitung von Daten zur Erf\u00fcllung eines Vertrags oder vorvertraglicher Ma\u00dfnahmen gestattet.<\/p>\n\n\n\n<div class=\"wp-block-group\"><div class=\"wp-block-group__inner-container is-layout-constrained wp-block-group-is-layout-constrained\">\n<hr class=\"wp-block-separator has-alpha-channel-opacity is-style-wide\"\/>\n<\/div><\/div>\n\n\n\n<p><strong>Umgang mit personenbezogenen Daten<\/strong><\/p>\n\n\n\n<p>Personenbezogene Daten sind Informationen, mit deren Hilfe eine Person bestimmbar ist, also Angaben, die zur\u00fcck zu einer Person verfolgt werden k\u00f6nnen. Dazu geh\u00f6ren z.B. der Name, die E-Mail-Adresse, die Telefonnummer oder die Internetprotokoll-Adresse des Nutzers (kurz \u201eIP-Adresse\u201c), die er im Zeitraum seines Besuchs des Angebotes benutzt hat.<\/p>\n\n\n\n<p>Sofern innerhalb des Angebotes die M\u00f6glichkeit zur Eingabe personenbezogener Daten (zum Beispiel im Rahmen einer pers\u00f6nlichen Registrierung, Bestellung, Anforderung oder Mitteilung) besteht, so erfolgt die Angaben dieser Daten seitens des Nutzers auf ausdr\u00fccklich freiwilliger Basis. Die Daten werden vertraulich behandelt und nicht an Dritte weitergegeben.<\/p>\n\n\n\n<p>Der Anbieter wird personenbezogene Daten an auskunftsberechtigte Institutionen (Beh\u00f6rden) \u00fcbermitteln, wenn der Anbieter durch Rechtsvorschriften oder per Gerichtsbeschluss dazu verpflichtet ist.<\/p>\n\n\n\n<div class=\"wp-block-group\"><div class=\"wp-block-group__inner-container is-layout-constrained wp-block-group-is-layout-constrained\">\n<hr class=\"wp-block-separator has-alpha-channel-opacity is-style-wide\"\/>\n<\/div><\/div>\n\n\n\n<p><strong>Kontaktformular, Kontaktaufnahme und E-Mail-Sicherheit<\/strong><\/p>\n\n\n\n<p>Bei der Kontaktaufnahme mit dem Anbieter (z.B. per E-Mail) werden die Angaben des Nutzers zwecks Bearbeitung der Anfrage sowie f\u00fcr den Fall, dass Anschlussfragen entstehen, gespeichert. Die \u00fcbermittelte E-Mail-Adresse wird nur f\u00fcr die Korrespondenz mit dem Nutzer verwendet.<\/p>\n\n\n\n<p>Diese Daten geben wir nicht ohne Ihre Einwilligung weiter. Die Verarbeitung der in das Kontaktformular eingegebenen Daten erfolgt ausschlie\u00dflich auf Grundlage Ihrer Einwilligung nach \u00a7 11 DSG-EKD. Diese Daten werden solange gespeichert, bis Sie uns zur L\u00f6schung auffordern, Ihre Einwilligung zur Speicherung widerrufen oder der Zweck f\u00fcr die Datenspeicherung entf\u00e4llt. Zwingende gesetzliche Bestimmungen, wie gesetzliche Aufbewahrungsfristen, bleiben unber\u00fchrt.<\/p>\n\n\n\n<p>Sie k\u00f6nnen diese Einwilligung jederzeit widerrufen. Dazu reicht eine formlose Mitteilung per E-Mail an uns (Link). Die Rechtm\u00e4\u00dfigkeit der bis zum Widerruf erfolgten Datenverarbeitungsvorg\u00e4nge bleibt vom Widerruf unber\u00fchrt.<\/p>\n\n\n\n<p>Ein Verschl\u00fcsselungsverfahren f\u00fcr die weitere Korrespondenz wird nicht eingesetzt.<\/p>\n\n\n\n<p>Wir weisen darauf hin, dass die Daten\u00fcbertragung im Internet (z.B. bei der Kommunikation per E-Mail) Sicherheitsl\u00fccken aufweisen kann. Ein l\u00fcckenloser Schutz der Daten vor dem Zugriff durch Dritte ist nicht m\u00f6glich.<\/p>\n\n\n\n<div class=\"wp-block-group\"><div class=\"wp-block-group__inner-container is-layout-constrained wp-block-group-is-layout-constrained\">\n<hr class=\"wp-block-separator has-alpha-channel-opacity is-style-wide\"\/>\n<\/div><\/div>\n\n\n\n<p><strong>Links<\/strong><\/p>\n\n\n\n<p>Das Angebot enth\u00e4lt u.a. Links zu anderen Internetauftritten. Der Anbieter hat keinen Einfluss auf deren Inhalte und darauf, dass deren Betreiber die Datenschutzbestimmungen einhalten.<\/p>\n\n\n\n<div class=\"wp-block-group\"><div class=\"wp-block-group__inner-container is-layout-constrained wp-block-group-is-layout-constrained\">\n<hr class=\"wp-block-separator has-alpha-channel-opacity is-style-wide\"\/>\n<\/div><\/div>\n\n\n\n<p><strong>Cookies<\/strong><\/p>\n\n\n\n<p>Diese Website verwendet tempor\u00e4re Cookies, die beim Schlie\u00dfen des Browsers automatisch gel\u00f6scht werden. Es gibt keine Aktivit\u00e4tenverfolgung.<\/p>\n\n\n\n<p>Cookies sind kleine Dateien, die es erm\u00f6glichen, auf dem Zugriffsger\u00e4t der Nutzer (PC, Smartphone o.\u00e4.) spezifische, auf das Ger\u00e4t bezogene Informationen zu speichern. Sie dienen zum einem der Benutzerfreundlichkeit von Internetseiten und damit den Nutzern (z.B. Speicherung von Login-Daten). Zum anderen dienen sie dazu, um statistische Daten zur Seitennutzung zu erfassen und sie zwecks Verbesserung des Angebotes analysieren zu k\u00f6nnen.<\/p>\n\n\n\n<p>Die Nutzer k\u00f6nnen auf den Einsatz der Cookies Einfluss nehmen. Die meisten Browser verf\u00fcgen eine Option, mit der das Speichern von Cookies eingeschr\u00e4nkt oder komplett verhindert wird.<\/p>\n\n\n\n<div class=\"wp-block-group\"><div class=\"wp-block-group__inner-container is-layout-constrained wp-block-group-is-layout-constrained\">\n<hr class=\"wp-block-separator has-alpha-channel-opacity is-style-wide\"\/>\n<\/div><\/div>\n\n\n\n<p><strong>Social Plugins: YouTube<\/strong><\/p>\n\n\n\n<p>In unserem Internetauftritt setzen wir YouTube ein. Hierbei handelt es sich um ein Videoportal der YouTube LLC., 901 Cherry Ave., 94066 San Bruno, CA, USA, nachfolgend nur \u201eYouTube\u201c genannt.<\/p>\n\n\n\n<p>YouTube ist ein Tochterunternehmen der Google Ireland Limited, Gordon House, Barrow Street, Dublin 4, Irland, nachfolgend nur \u201eGoogle\u201c genannt.<\/p>\n\n\n\n<p>Durch die Zertifizierung nach dem EU-US-Datenschutzschild (\u201eEU-US Privacy Shield\u201c)<\/p>\n\n\n\n<p><a href=\"https:\/\/www.privacyshield.gov\/participant?id=a2zt000000001L5AAI&amp;status=Active\">https:\/\/www.privacyshield.gov\/participant?id=a2zt000000001L5AAI&amp;status=Active<\/a><\/p>\n\n\n\n<p>garantiert Google und damit auch das Tochterunternehmen YouTube, dass die Datenschutzvorgaben der EU auch bei der Verarbeitung von Daten in den USA eingehalten werden.<\/p>\n\n\n\n<p>Wir nutzen YouTube im Zusammenhang mit der Funktion \u201eErweiterter Datenschutzmodus\u201c, um Ihnen Videos anzeigen zu k\u00f6nnen. Rechtsgrundlage ist Art. 6 Abs. 1 lit. f) DSGVO. Unser berechtigtes Interesse liegt in der Qualit\u00e4tsverbesserung unseres Internetauftritts. Die Funktion \u201eErweiterter Datenschutzmodus\u201c bewirkt laut Angaben von YouTube, dass die nachfolgend noch n\u00e4her bezeichneten Daten nur dann an den Server von YouTube \u00fcbermittelt werden, wenn Sie ein Video auch tats\u00e4chlich starten.<\/p>\n\n\n\n<p>Ohne diesen \u201eErweiterten Datenschutz\u201c wird eine Verbindung zum Server von YouTube in den USA hergestellt, sobald Sie eine unserer Internetseiten, auf der ein YouTube-Video eingebettet ist, aufrufen.<\/p>\n\n\n\n<p>Diese Verbindung ist erforderlich, um das jeweilige Video auf unserer Internetseite \u00fcber Ihren Internet-Browser darstellen zu k\u00f6nnen. Im Zuge dessen wird YouTube zumindest Ihre IP-Adresse, das Datum nebst Uhrzeit sowie die von Ihnen besuchte Internetseite erfassen und verarbeiten. Zudem wird eine Verbindung zu dem Werbenetzwerk \u201eDoubleClick\u201c von Google hergestellt.<\/p>\n\n\n\n<p>Sollten Sie gleichzeitig bei YouTube eingeloggt sein, weist YouTube die Verbindungsinformationen Ihrem YouTube-Konto zu. Wenn Sie das verhindern m\u00f6chten, m\u00fcssen Sie sich entweder vor dem Besuch unseres Internetauftritts bei YouTube ausloggen oder die entsprechenden Einstellungen in Ihrem YouTube-Benutzerkonto vornehmen.<\/p>\n\n\n\n<p>Zum Zwecke der Funktionalit\u00e4t sowie zur Analyse des Nutzungsverhaltens speichert YouTube dauerhaft Cookies \u00fcber Ihren Internet-Browser auf Ihrem Endger\u00e4t. Falls Sie mit dieser Verarbeitung nicht einverstanden sind, haben Sie die M\u00f6glichkeit, die Speicherung der Cookies durch eine Einstellung in Ihrem Internet-Browsers zu verhindern. N\u00e4here Informationen hierzu finden Sie vorstehend unter \u201eCookies\u201c.<\/p>\n\n\n\n<p>Weitergehende Informationen \u00fcber die Erhebung und Nutzung von Daten sowie Ihre diesbez\u00fcglichen Rechte und Schutzm\u00f6glichkeiten h\u00e4lt Google in den unter<\/p>\n\n\n\n<p><a href=\"https:\/\/policies.google.com\/privacy\">https:\/\/policies.google.com\/privacy<\/a><\/p>\n\n\n\n<p>abrufbaren Datenschutzhinweisen bereit.<\/p>\n\n\n\n<p>Die Datenschutzhinweise zu Youtube entstammen der Muster-Datenschutzerkl\u00e4rung der <a href=\"https:\/\/www.ratgeberrecht.eu\/leistungen\/muster-datenschutzerklaerung.html\">Anwaltskanzlei Wei\u00df &amp; Partner<\/a><\/p>\n\n\n\n<div class=\"wp-block-group\"><div class=\"wp-block-group__inner-container is-layout-constrained wp-block-group-is-layout-constrained\">\n<hr class=\"wp-block-separator has-alpha-channel-opacity is-style-wide\"\/>\n<\/div><\/div>\n\n\n\n<p><strong>Widerruf, \u00c4nderungen, Berichtigungen und Aktualisierungen<\/strong><\/p>\n\n\n\n<p>Der Nutzer hat das Recht, auf Antrag unentgeltlich Auskunft \u00fcber die personenbezogenen Daten zu erhalten, die \u00fcber ihn gespeichert wurden (\u00a717 DSG-EKD). Zus\u00e4tzlich hat der Nutzer das Recht auf Berichtigung unrichtiger Daten (\u00a7 20 DSG-EKD), auf L\u00f6schung (\u00a7 21 DSG-EKD), auf Einschr\u00e4nkung der Verarbeitung (\u00a7 22 DSG-EKD), auf Daten\u00fcbertragbarkeit (\u00a7 24 DSG-EKD) sowie eines Widerspruchsrechts gegen die Verarbeitung (\u00a7 25 DSG-EKD), soweit dem keine gesetzliche Aufbewahrungspflicht entgegensteht.<\/p>\n\n\n\n<p>Um Ihre Rechte wahrnehmen zu k\u00f6nnen, k\u00f6nnen Sie sich an diese Adresse wenden: <a href=\"mailto:pfarramt.immenhausen-espenau(at)ekkw.de\">pfarramt.immenhausen-espenau(at)ekkw.de<\/a>.<\/p>\n\n\n\n<div class=\"wp-block-group\"><div class=\"wp-block-group__inner-container is-layout-constrained wp-block-group-is-layout-constrained\">\n<hr class=\"wp-block-separator has-alpha-channel-opacity is-style-wide\"\/>\n<\/div><\/div>\n\n\n\n<p><strong>Datenschutzaufsicht<\/strong><\/p>\n\n\n\n<p>Die Aufgaben der Datenschutzaufsicht der EKKW werden durch den Beauftragten f\u00fcr den Datenschutz der Evangelischen Kirche in Deutschland (BfD EKD) wahrgenommen. Als Ansprechpartner f\u00fcr Datenschutzanfragen aus dem Bereich der EKKW ist das Team der Au\u00dfenstelle Dortmund des BfD EKD zust\u00e4ndig.<\/p>\n\n\n\n<p>Wenn Sie der Ansicht sind, bei der Erhebung, Verarbeitung oder Nutzung Ihrer personenbezogenen Daten durch Stellen der EKKW in Ihren Rechten verletzt worden zu sein, wenden Sie sich bitte an:<\/p>\n\n\n\n<p>Der Beauftragte f\u00fcr den Datenschutz der Evangelischen Kirche in Deutschland<br>Au\u00dfenstelle Dortmund<br>Friedhof 4<br>44135 Dortmund<br>Telefon: 0231\/533827-0<br>Fax: 0231\/533827-20<br>E-Mail:<a href=\"mailto:mitte-west@datenschutz.ekd.de\"> mitte-west@datenschutz.ekd.de<\/a><br>Internet: <a href=\"https:\/\/datenschutz.ekd.de\">https:\/\/datenschutz.ekd.de<\/a><\/p>\n\n\n\n<p><\/p>\n","protected":false},"excerpt":{"rendered":"<p>Geltungsbereich Diese Datenschutzerkl\u00e4rung kl\u00e4rt Nutzer \u00fcber die Art, den Umfang und die Zwecke der Erhebung und Verwendung personenbezogener Daten im Internetauftritt Internetadresse angeben (im Folgenden \u201eAngebot\u201c) durch den verantwortlichen Anbieter, Anbieter angeben (im Folgenden \u201eAnbieter\u201c), auf. Die rechtlichen Grundlagen des Datenschutzes finden sich im Kirchengesetz \u00fcber den Datenschutz der Evangelischen Kirche in Deutschland (DSG-EKD) und&hellip;<\/p>\n","protected":false},"author":18,"featured_media":0,"parent":0,"menu_order":0,"comment_status":"closed","ping_status":"closed","template":"","meta":{"footnotes":""},"class_list":["post-5854","page","type-page","status-publish","hentry","description-off"],"publishpress_future_action":{"enabled":false,"date":"2026-05-13 13:05:01","action":"change-status","newStatus":"draft","terms":[],"taxonomy":"","extraData":[]},"publishpress_future_workflow_manual_trigger":{"enabledWorkflows":[]},"_links":{"self":[{"href":"https:\/\/kirche-immenhausen-espenau.de\/index.php?rest_route=\/wp\/v2\/pages\/5854","targetHints":{"allow":["GET"]}}],"collection":[{"href":"https:\/\/kirche-immenhausen-espenau.de\/index.php?rest_route=\/wp\/v2\/pages"}],"about":[{"href":"https:\/\/kirche-immenhausen-espenau.de\/index.php?rest_route=\/wp\/v2\/types\/page"}],"author":[{"embeddable":true,"href":"https:\/\/kirche-immenhausen-espenau.de\/index.php?rest_route=\/wp\/v2\/users\/18"}],"replies":[{"embeddable":true,"href":"https:\/\/kirche-immenhausen-espenau.de\/index.php?rest_route=%2Fwp%2Fv2%2Fcomments&post=5854"}],"version-history":[{"count":5,"href":"https:\/\/kirche-immenhausen-espenau.de\/index.php?rest_route=\/wp\/v2\/pages\/5854\/revisions"}],"predecessor-version":[{"id":7636,"href":"https:\/\/kirche-immenhausen-espenau.de\/index.php?rest_route=\/wp\/v2\/pages\/5854\/revisions\/7636"}],"wp:attachment":[{"href":"https:\/\/kirche-immenhausen-espenau.de\/index.php?rest_route=%2Fwp%2Fv2%2Fmedia&parent=5854"}],"curies":[{"name":"wp","href":"https:\/\/api.w.org\/{rel}","templated":true}]}}