{"id":5179,"date":"2022-08-18T10:41:23","date_gmt":"2022-08-18T10:41:23","guid":{"rendered":"https:\/\/kirche-immenhausen-espenau.de\/?page_id=5179"},"modified":"2023-08-03T13:20:07","modified_gmt":"2023-08-03T13:20:07","slug":"konfirmation-jubelkonfirmation","status":"publish","type":"page","link":"https:\/\/kirche-immenhausen-espenau.de\/?page_id=5179","title":{"rendered":"Konfirmation, Jubelkonfirmation"},"content":{"rendered":"<h4>Gott Vater, Sohn und Heiliger Geist gebe dir seine Gnade: Schutz und Schirm vor allem Argen, St\u00e4rke und Hilfe zu allem Guten, dass du bewahrt werdest im rechten Glauben. (Martin Bucer)<\/h4>\n<p>Zur Konfirmandenzeit und zur Konfirmation ist etwas zu lesen unter der Rubrik \u201eKinder und Jugendliche\u201c. Klicken Sie einfach <a href=\"https:\/\/kirche-immenhausen-espenau.de\/?page_id=5028\">hier<\/a>, um dorthin zu gelangen.<\/p>\n<div id=\"attachment_5184\" style=\"width: 398px\" class=\"wp-caption alignright\"><img loading=\"lazy\" decoding=\"async\" aria-describedby=\"caption-attachment-5184\" class=\"wp-image-5184\" src=\"https:\/\/kirche-immenhausen-espenau.de\/wp-content\/uploads\/2022\/08\/Eiko-300x158.jpg\" alt=\"\" width=\"388\" height=\"204\" srcset=\"https:\/\/kirche-immenhausen-espenau.de\/wp-content\/uploads\/2022\/08\/Eiko-300x158.jpg 300w, https:\/\/kirche-immenhausen-espenau.de\/wp-content\/uploads\/2022\/08\/Eiko-768x404.jpg 768w, https:\/\/kirche-immenhausen-espenau.de\/wp-content\/uploads\/2022\/08\/Eiko.jpg 817w\" sizes=\"auto, (max-width: 388px) 100vw, 388px\" \/><p id=\"caption-attachment-5184\" class=\"wp-caption-text\">Eiserne Konfirmation 2022<\/p><\/div>\n<p>Eine Jubil\u00e4umskonfirmation kann nach 25, 40, 50, 60 und 65 gefeiert werden. Die Kirchengemeinde gibt dazu in der Regel den Ansto\u00df aus Anlass der Goldenen Konfirmation nach 50 Jahren. Bei den weiteren fr\u00fcheren oder sp\u00e4teren Jubil\u00e4en geht die Initiative von den Jubilarinnen und Jubilaren aus. Eine Jubil\u00e4umskonfirmation hat einen Vorlauf von etwa einem halben Jahr. Also einfach fr\u00fchzeitig im Pfarramt melden.<\/p>\n<p>Der Terminplan der Kirchengemeinden legt es dann in der Regel nahe bzw. macht es notwendig, mehrere Jubil\u00e4umskonfirmationen zusammenzufassen an einem Tag.<\/p>\n<div id=\"attachment_5183\" style=\"width: 398px\" class=\"wp-caption alignleft\"><img loading=\"lazy\" decoding=\"async\" aria-describedby=\"caption-attachment-5183\" class=\"wp-image-5183\" src=\"https:\/\/kirche-immenhausen-espenau.de\/wp-content\/uploads\/2022\/08\/Goko-300x194.jpg\" alt=\"\" width=\"388\" height=\"251\" srcset=\"https:\/\/kirche-immenhausen-espenau.de\/wp-content\/uploads\/2022\/08\/Goko-300x194.jpg 300w, https:\/\/kirche-immenhausen-espenau.de\/wp-content\/uploads\/2022\/08\/Goko-1024x661.jpg 1024w, https:\/\/kirche-immenhausen-espenau.de\/wp-content\/uploads\/2022\/08\/Goko-768x496.jpg 768w, https:\/\/kirche-immenhausen-espenau.de\/wp-content\/uploads\/2022\/08\/Goko-1536x991.jpg 1536w, https:\/\/kirche-immenhausen-espenau.de\/wp-content\/uploads\/2022\/08\/Goko-2048x1322.jpg 2048w\" sizes=\"auto, (max-width: 388px) 100vw, 388px\" \/><p id=\"caption-attachment-5183\" class=\"wp-caption-text\">Goldene Konfirmation 2022<\/p><\/div>\n<p>Die Einladungen zur Jubil\u00e4umskonfirmation werden vom Pfarramt verschickt, nachdem durch die Gruppe die Adressen ermittelt wurden. Und das Pfarramt nimmt normalerweise auch die Anmeldung entgegen, die telefonisch, per Post oder E-Mail eingehen<\/p>\n<p>Der Festgottesdienst ist meist f\u00fcr die Jubilarinnen und Jubilare so aufregend wie seinerzeit die Konfirmation. Die spannende Frage lautet: Wie ist es wohl den anderen ergangen?<\/p>\n<p>Nach dem Gottesdienst wird in der Regel &#8211; gemeinsam und von der Gruppe organisiert &#8211; zu Mittag gegessen und ein gemeinsamer Nachmittag verlebt mit vielen Erinnerungen.<\/p>\n<p>Weitere <a href=\"https:\/\/www.ekhn.de\/glaube\/konfirmation\/goldene-konfirmation.html\">Anregungen zur Goldenen Konfirmation<\/a> sind auf der Homepage der Evangelischen Kirche in Hessen und Nassau zu finden.<\/p>\n","protected":false},"excerpt":{"rendered":"<p>Gott Vater, Sohn und Heiliger Geist gebe dir seine Gnade: Schutz und Schirm vor allem Argen, St\u00e4rke und Hilfe zu allem Guten, dass du bewahrt werdest im rechten Glauben. (Martin Bucer) Zur Konfirmandenzeit und zur Konfirmation ist etwas zu lesen unter der Rubrik \u201eKinder und Jugendliche\u201c. Klicken Sie einfach hier, um dorthin zu gelangen. Eine&hellip;<\/p>\n","protected":false},"author":7,"featured_media":0,"parent":0,"menu_order":0,"comment_status":"closed","ping_status":"closed","template":"","meta":{"footnotes":""},"class_list":["post-5179","page","type-page","status-publish","hentry","description-off"],"publishpress_future_action":{"enabled":false,"date":"2026-05-14 13:33:50","action":"change-status","newStatus":"draft","terms":[],"taxonomy":"","extraData":[]},"publishpress_future_workflow_manual_trigger":{"enabledWorkflows":[]},"_links":{"self":[{"href":"https:\/\/kirche-immenhausen-espenau.de\/index.php?rest_route=\/wp\/v2\/pages\/5179","targetHints":{"allow":["GET"]}}],"collection":[{"href":"https:\/\/kirche-immenhausen-espenau.de\/index.php?rest_route=\/wp\/v2\/pages"}],"about":[{"href":"https:\/\/kirche-immenhausen-espenau.de\/index.php?rest_route=\/wp\/v2\/types\/page"}],"author":[{"embeddable":true,"href":"https:\/\/kirche-immenhausen-espenau.de\/index.php?rest_route=\/wp\/v2\/users\/7"}],"replies":[{"embeddable":true,"href":"https:\/\/kirche-immenhausen-espenau.de\/index.php?rest_route=%2Fwp%2Fv2%2Fcomments&post=5179"}],"version-history":[{"count":11,"href":"https:\/\/kirche-immenhausen-espenau.de\/index.php?rest_route=\/wp\/v2\/pages\/5179\/revisions"}],"predecessor-version":[{"id":6210,"href":"https:\/\/kirche-immenhausen-espenau.de\/index.php?rest_route=\/wp\/v2\/pages\/5179\/revisions\/6210"}],"wp:attachment":[{"href":"https:\/\/kirche-immenhausen-espenau.de\/index.php?rest_route=%2Fwp%2Fv2%2Fmedia&parent=5179"}],"curies":[{"name":"wp","href":"https:\/\/api.w.org\/{rel}","templated":true}]}}