{"id":5115,"date":"2022-08-18T07:17:38","date_gmt":"2022-08-18T07:17:38","guid":{"rendered":"https:\/\/kirche-immenhausen-espenau.de\/?page_id=5115"},"modified":"2026-01-19T09:49:44","modified_gmt":"2026-01-19T09:49:44","slug":"kirchspiel-und-zweckverband-immenhausen-espenau","status":"publish","type":"page","link":"https:\/\/kirche-immenhausen-espenau.de\/?page_id=5115","title":{"rendered":"Kirchspiel und Zweckverband Immenhausen-Espenau"},"content":{"rendered":"<h4>Lasst uns miteinander, lasst uns miteinander singen, loben, danken dem Herrn. (Evangelisches Gesangbuch 607)<\/h4>\n<p><img loading=\"lazy\" decoding=\"async\" class=\" wp-image-5113 alignright\" src=\"https:\/\/kirche-immenhausen-espenau.de\/wp-content\/uploads\/2022\/08\/Kirchen-293x300.jpg\" alt=\"\" width=\"377\" height=\"386\" srcset=\"https:\/\/kirche-immenhausen-espenau.de\/wp-content\/uploads\/2022\/08\/Kirchen-293x300.jpg 293w, https:\/\/kirche-immenhausen-espenau.de\/wp-content\/uploads\/2022\/08\/Kirchen.jpg 623w\" sizes=\"auto, (max-width: 377px) 100vw, 377px\" \/>Die Kirchengemeinden Espenau und Immenhausen-Mariendorf bilden seit dem 1. Mai 2018 ein Kirchspiel mit zwei Pfarrstellen f\u00fcr ca. 5.000 Gemeindeglieder. Kirchspiel bedeutet, dass mehrere Gemeinden von einem Pfarrer oder einer Pfarrerin betreut werden. Es kann aber auch ein Pfarrteam f\u00fcr ein Kirchspiel zust\u00e4ndig sein. Wenn das der Fall ist, dann geh\u00f6rt zu jeder Pfarrstelle ein Pfarrbezirk.<\/p>\n<p>Das Kirchspiel Immenhausen-Espenau hat zwei Pfarrbezirke: einen f\u00fcr Espenau, einen zweiten f\u00fcr Immenhausen-Mariendorf. Au\u00dferdem gibt es eine (halbe) Profilpfarrstelle f\u00fcr das gesamte Kirchspiel mit den Schwerpunkten Kinder, junge Familien, Jugendliche und junge Erwachsene.<\/p>\n<p>Gebildet wurde das Kirchspiel Immenhausen-Espenau, um durch die Zusammenarbeit der Kirchengemeinden und des Pfarrteams die Mitarbeitenden zu entlasten und mit begrenzten Kr\u00e4ften weiter ein attraktives Gemeindeleben m\u00f6glich zu machen. Es hat sich in den gut f\u00fcnf Jahren der Zusammenarbeit gezeigt, dass manches schon m\u00f6glich ist, vieles aber auch noch Zeit braucht. Zusammenarbeit l\u00e4sst sich nicht verordnen, sie muss wachsen. Die Profilpfarrstelle leistet dazu einen wichtigen Beitrag.<\/p>\n<p>Ein weiterer Schritt auf dem Weg zu engerer Zusammenarbeit war die Bildung des \u201eZweckverbands der Evangelischen Kirchengemeinden im Kirchspiel Immenhausen-Espenau\u201c. Das ist ein langer Name f\u00fcr eine hoffentlich sehr sinnvolle Organisationsform f\u00fcr die Zusammenarbeit der Kirchengemeinden.<\/p>\n<p>Der Zweckverband ist am 1. Januar 2023 an die Stelle der beiden Gesamtverb\u00e4nde im Bereich des Kirchspiels getreten und unterscheidet sich von diesen dadurch, dass die Kirchengemeinden etwas selbst\u00e4ndiger sind. Es wurde im Vorfeld gut \u00fcberlegt, auf welchen Gebieten zweckm\u00e4\u00dfigerweise zusammengearbeitet werden soll.<\/p>\n<p>Wichtigste Aufgabe des Zweckverbands ist es, Termine gut zu koordinieren und \u00fcber die gemeinsame \u00d6ffentlichkeitsarbeit bekannt zu machen. Au\u00dferdem wird die Konfirmandenarbeit gemeinsam unter dem Dach des Zweckverbands verantwortet mit einem neuen Konzept. Daneben hat er die Aufgabe, die Mitarbeitenden zu begleiten und zu verst\u00e4rkter Zusammenarbeit zu motivieren.<\/p>\n<p>Geleitet wird der Zweckverband vom Zweckverbandsvorstand, dem &#8211; au\u00dfer den 3 Pfarrpersonen &#8211; jeweils 3 Kirchenvorsteherinnen und Kirchenvorsteher aus den beiden Mitgliedsgemeinden angeh\u00f6ren.<\/p>\n","protected":false},"excerpt":{"rendered":"<p>Lasst uns miteinander, lasst uns miteinander singen, loben, danken dem Herrn. (Evangelisches Gesangbuch 607) Die Kirchengemeinden Espenau und Immenhausen-Mariendorf bilden seit dem 1. Mai 2018 ein Kirchspiel mit zwei Pfarrstellen f\u00fcr ca. 5.000 Gemeindeglieder. Kirchspiel bedeutet, dass mehrere Gemeinden von einem Pfarrer oder einer Pfarrerin betreut werden. Es kann aber auch ein Pfarrteam f\u00fcr ein&hellip;<\/p>\n","protected":false},"author":7,"featured_media":0,"parent":0,"menu_order":0,"comment_status":"closed","ping_status":"closed","template":"","meta":{"footnotes":""},"class_list":["post-5115","page","type-page","status-publish","hentry","description-off"],"publishpress_future_action":{"enabled":false,"date":"2026-05-13 13:02:29","action":"change-status","newStatus":"draft","terms":[],"taxonomy":"","extraData":[]},"publishpress_future_workflow_manual_trigger":{"enabledWorkflows":[]},"_links":{"self":[{"href":"https:\/\/kirche-immenhausen-espenau.de\/index.php?rest_route=\/wp\/v2\/pages\/5115","targetHints":{"allow":["GET"]}}],"collection":[{"href":"https:\/\/kirche-immenhausen-espenau.de\/index.php?rest_route=\/wp\/v2\/pages"}],"about":[{"href":"https:\/\/kirche-immenhausen-espenau.de\/index.php?rest_route=\/wp\/v2\/types\/page"}],"author":[{"embeddable":true,"href":"https:\/\/kirche-immenhausen-espenau.de\/index.php?rest_route=\/wp\/v2\/users\/7"}],"replies":[{"embeddable":true,"href":"https:\/\/kirche-immenhausen-espenau.de\/index.php?rest_route=%2Fwp%2Fv2%2Fcomments&post=5115"}],"version-history":[{"count":13,"href":"https:\/\/kirche-immenhausen-espenau.de\/index.php?rest_route=\/wp\/v2\/pages\/5115\/revisions"}],"predecessor-version":[{"id":8097,"href":"https:\/\/kirche-immenhausen-espenau.de\/index.php?rest_route=\/wp\/v2\/pages\/5115\/revisions\/8097"}],"wp:attachment":[{"href":"https:\/\/kirche-immenhausen-espenau.de\/index.php?rest_route=%2Fwp%2Fv2%2Fmedia&parent=5115"}],"curies":[{"name":"wp","href":"https:\/\/api.w.org\/{rel}","templated":true}]}}