{"id":5050,"date":"2022-08-14T17:23:03","date_gmt":"2022-08-14T17:23:03","guid":{"rendered":"https:\/\/kirche-immenhausen-espenau.de\/?page_id=5050"},"modified":"2026-01-29T23:47:15","modified_gmt":"2026-01-29T23:47:15","slug":"kirchengemeinde-mariendorf-2","status":"publish","type":"page","link":"https:\/\/kirche-immenhausen-espenau.de\/?page_id=5050","title":{"rendered":"Kir\u00adchen\u00adge\u00admein\u00adde Immenhausen-Ma\u00adrien\u00addorf: Mariendorf"},"content":{"rendered":"<div class=\"wpb-content-wrapper\"><p>[vc_row][vc_column][vc_column_text]<\/p>\n<div id=\"content\" class=\"content\" role=\"main\">\n<p><img loading=\"lazy\" decoding=\"async\" class=\" wp-image-5103 alignleft\" src=\"https:\/\/kirche-immenhausen-espenau.de\/wp-content\/uploads\/2022\/08\/IMG_3859-300x225.jpg\" alt=\"\" width=\"405\" height=\"304\" srcset=\"https:\/\/kirche-immenhausen-espenau.de\/wp-content\/uploads\/2022\/08\/IMG_3859-300x225.jpg 300w, https:\/\/kirche-immenhausen-espenau.de\/wp-content\/uploads\/2022\/08\/IMG_3859-768x576.jpg 768w, https:\/\/kirche-immenhausen-espenau.de\/wp-content\/uploads\/2022\/08\/IMG_3859.jpg 1024w\" sizes=\"auto, (max-width: 405px) 100vw, 405px\" \/>Die Kirchengemeinde Mariendorf z\u00e4hlte Anfang 2022 rund 220 Gemeindeglieder, der Ort insgesamt etwa 420 Einwohner. Zum Gottesdienst wird zweimal im Monat und an den Feiertagen in die Kirche eingeladen. Erfreulich ist der vergleichsweise gute, regelm\u00e4\u00dfige Gottesdienstbesuch. Eine besondere Freude ist f\u00fcr die Gottesdienstbesucherinnen und -besucher die erneuerte Orgel mit ihrem strahlenden Klang.<\/p>\n<p>Mehrmals im Jahr werden besondere Gottesdienste angeboten, im Sommer der Waldgottesdienst, ein besinnlicher Abendgottesdienst, ein Filmgottesdienst und ein musikalischer Gottesdienst in der Regel am 4. Advent. Weiteres kann noch hinzukommen, wenn es m\u00f6glich ist.<\/p>\n<div id=\"attachment_2512\" class=\"wp-caption alignright\" style=\"width: 450px;\">\n<p><img loading=\"lazy\" decoding=\"async\" class=\" wp-image-2512\" src=\"https:\/\/kirche-immenhausen-espenau.de\/wp-content\/uploads\/2020\/01\/waldgottesdienst08_960-300x166.jpg\" sizes=\"auto, (max-width: 300px) 100vw, 300px\" srcset=\"https:\/\/kirche-immenhausen-espenau.de\/wp-content\/uploads\/2020\/01\/waldgottesdienst08_960-300x166.jpg 300w, https:\/\/kirche-immenhausen-espenau.de\/wp-content\/uploads\/2020\/01\/waldgottesdienst08_960-768x424.jpg 768w, https:\/\/kirche-immenhausen-espenau.de\/wp-content\/uploads\/2020\/01\/waldgottesdienst08_960.jpg 960w\" alt=\"\" width=\"450\" height=\"249\" aria-describedby=\"caption-attachment-2512\" \/><\/div>\n<p>Den Waldgottesdienst fei\u00adert die Kir\u00adchen\u00adge\u00admein\u00adde Ma\u00adrien\u00addorf seit 2001 und l\u00e4dt dazu seit etlichen Jahren auch die Immenh\u00e4user ein. Nicht nur sie sondern auch Menschen aus anderen Nachbargemeinden nehmen den Waldgottesdienst zum Anlass, eine Wanderung oder eine Radtour zu unternehmen und mit der Kirchengemeinde Mariendorf\u00a0 Gottesdienst zu feiern. In den letzten Jahren war der gut erreichbare Treffpunkt daf\u00fcr ein Waldweg auf dem Ahlberg, der Eingang zum Paulsweg, und immer wieder einmal haben sich Familien gew\u00fcnscht, in diesem besonderen Gottesdienst die Taufe ihres Kindes zu feiern.<\/p>\n<p>Nach dem Gottesdienst gibt es einen Imbiss mit Herzhaften, kalten Getr\u00e4nken, Kaffee und Kuchen. Die Gottesdienstbesucher sind eingeladen, sich zu st\u00e4rken und noch etwas zu verweilen. Mehrfach ist der Waldgottesdienst in seiner 20-j\u00e4hrigen Geschichte bereits umgezogen. Zurzeit wird dar\u00fcber nachgedacht, ihn als Spielplatzgottesdienst neben dem Gemeindehaus zu feiern.<\/p>\n<p>Das Gemeindehaus ist in den 60-er Jahren an der Stelle des im Krieg zerst\u00f6rten Pfarrhauses entstanden und wurde in den Jahren 2005 und 2006 umfangreich modernisiert. Die Stadt Immenhausen hat die Bauma\u00dfnahme gro\u00dfz\u00fcgig unterst\u00fctzt und kann daf\u00fcr im Gegenzug den Jugendraum im Keller f\u00fcr ihre Arbeit nutzen. Gern treffen sich dort auch Seniorinnen im \u201eCaf\u00e9 Kuba\u201c, einem offenen Treffpunkt f\u00fcr Jung und Alt.<\/p>\n<p>Ein gr\u00f6\u00dferer Wasserschaden hat neben Corona die Nutzung des Gemeindehauses f\u00fcr l\u00e4ngere Zeit unterbrochen. Er wird nach und nach behoben und dann steht das Haus wieder f\u00fcr Gruppen und f\u00fcr die Vermietung zur Verf\u00fcgung. Aus dem Gemeindenachmittag, zu dem vor allem \u00e4ltere Menschen einmal im Monat im Gemeindehaus zusammenkamen, ist inzwischen ein Gemeindeausflug in die n\u00e4here Umgebung geworden. Es wird nach der Wiederer\u00f6ffnung des Hauses ganz sicher auch wieder Gemeindetreffen in den gepflegten R\u00e4umen des Hauses geben.<\/p>\n<p>Die Kirchengemeinde kann dann das Haus auch wieder f\u00fcr private Feierlichkeiten und Treffen zur Verf\u00fcgung stellen und hofft sehr, dass davon wieder rege Gebrauch gemacht wird, denn die so erzielten Einnahmen helfen, das Haus zu unterhalten.<\/p>\n<p>Die Unterhaltung von Kirche und Gemeindehaus stellen f\u00fcr die kleine und finanzschwache Kirchengemeinde Mariendorf eine gro\u00dfe Herausforderung dar. M\u00f6glich ist dies nur durch ein gro\u00dfes ehrenamtliches Engagement besonders der Mitarbeitenden im Kirchenvorstand.<\/p><\/div>\n<p>[\/vc_column_text][vc_accordion active_tab=&#8220;false&#8220; collapsible=&#8220;yes&#8220; style=&#8220;2&#8243;][vc_accordion_tab title=&#8220;Geschichtliches&#8220;][vc_column_text]<img loading=\"lazy\" decoding=\"async\" class=\" wp-image-5102 alignleft\" src=\"https:\/\/kirche-immenhausen-espenau.de\/wp-content\/uploads\/2022\/08\/Kirche-gezeichnet.jpg\" alt=\"\" width=\"379\" height=\"312\" \/>Die An\u00adf\u00e4n\u00adge der Kir\u00adchen\u00adge\u00admein\u00adde Ma\u00adrien\u00addorf wie auch des Or\u00adtes selbst lie\u00adgen in ei\u00adner an\u00adde\u00adren Re\u00adgion Eu\u00adro\u00adpas: in Frank\u00adreich. Mit der Auf\u00adhe\u00adbung des Edik\u00adtes von Nan\u00adtes am 18. Ok\u00adto\u00adber 1685 durch Louis XIV wur\u00adde die Aus\u00ad\u00fcbung der re\u00adfor\u00admier\u00adten Re\u00adli\u00adgion in Frank\u00adreich ver\u00adbo\u00adten. Da\u00admit blieb vie\u00adlen An\u00adh\u00e4n\u00adgern die\u00adser Glau\u00adbens\u00adrich\u00adtung nur noch die heim\u00adli\u00adche Flucht ins Aus\u00adland. Zu ih\u00adnen ge\u00adh\u00f6r\u00adten auch die \u00bbMa\u00adrien\u00addor\u00adfer\u00ab, haupt\u00ads\u00e4ch\u00adlich Wal\u00adden\u00adser aus ver\u00adschie\u00adde\u00adnen Or\u00adten der Cot\u00adti\u00adschen Al\u00adpen. Land\u00adgraf Karl von Hes\u00adsen-Kas\u00adsel hat\u00adte die An\u00adsied\u00adlung der Fl\u00fccht\u00adlin\u00adge durch gro\u00df\u00adz\u00fc\u00adgi\u00adge Kon\u00adzes\u00adsio\u00adnen in sei\u00adnem Land ge\u00adf\u00f6r\u00addert. So durf\u00adten sie un\u00adter an\u00adde\u00adrem un\u00adein\u00adge\u00adschr\u00e4nkt ih\u00adren Glau\u00adben so\u00adwie Spra\u00adche und Kul\u00adtur pfle\u00adgen. Da\u00adr\u00fc\u00adber hi\u00adnaus wur\u00adden auf land\u00adgr\u00e4f\u00adli\u00adches Ge\u00adhei\u00df fran\u00adz\u00f6\u00adsi\u00adsche Ko\u00adlo\u00adnien ge\u00adgr\u00fcn\u00addet. Mit dem Ko\u00adlo\u00adnie\u00adbau von Ma\u00adrien\u00addorf fing man im Ap\u00adril 1686 auf W\u00fcs\u00adten\u00adge\u00admar\u00adkun\u00adgen n\u00f6rd\u00adlich von Im\u00admen\u00adhau\u00adsen an. Bis zur je\u00adwei\u00adli\u00adgen Fer\u00adtig\u00adstel\u00adlung der H\u00e4u\u00adser blie\u00adben die Fl\u00fccht\u00adlin\u00adge\u00a0\u2013 ca. 300 Per\u00adso\u00adnen\u00a0\u2013 in Im\u00admen\u00adhau\u00adsen ein\u00adquar\u00adtiert. Mit dem Um\u00adzug der ers\u00adten 110 R\u00e9\u00adfu\u00adgi\u00e9s im Ap\u00adril 1687 nach Ma\u00adrien\u00addorf be\u00adginnt die Ge\u00adschich\u00adte die\u00adses Or\u00adtes.<\/p>\n<p>Die fran\u00adz\u00f6\u00adsisch re\u00adfor\u00admier\u00adte Kir\u00adchen\u00adge\u00admein\u00adde Ma\u00adrien\u00addorf blieb in den ers\u00adten Jah\u00adren eng ver\u00adbun\u00adden mit Im\u00admen\u00adhau\u00adsen, denn nach wie vor wa\u00adren vie\u00adle Ge\u00admein\u00adde\u00adglie\u00adder, vor al\u00adlem auch der die Ge\u00admein\u00adde be\u00adtreu\u00aden\u00adde Geist\u00adli\u00adche dort noch ein\u00adquar\u00adtiert. Erst nach der Er\u00adbau\u00adung ei\u00adnes Pfarr\u00adhau\u00adses zog 1712 der Pfar\u00adrer Louis de Lescure nach Ma\u00adrien\u00addorf. Er war nach Jean Laget und Jean le Blanc der drit\u00adte Pfar\u00adrer der Ge\u00admein\u00adde. Die Got\u00adtes\u00addiens\u00adte fei\u00ader\u00adte die fran\u00adz\u00f6\u00adsi\u00adsche Ge\u00admein\u00adde zu\u00adn\u00e4chst in der Im\u00admen\u00adh\u00e4u\u00adser Stadt\u00adkir\u00adche. Da\u00adraus re\u00adsul\u00adtier\u00adte ein Be\u00adnut\u00adzungs\u00adrecht, das auch lan\u00adge nach der Fer\u00adtig\u00adstel\u00adlung ei\u00adner ei\u00adge\u00adnen Kir\u00adche in Ma\u00adrien\u00addorf nicht auf\u00adge\u00adge\u00adben wur\u00adde. Die\u00adse Kir\u00adche wur\u00adde von 1701 bis 1705 er\u00adbaut. Sie fin\u00addet sich an her\u00advor\u00adge\u00adho\u00adbe\u00adner Stel\u00adle in dem Orts\u00adplan, der wahr\u00adschein\u00adlich von Paul du Ry stammt. Die\u00adsem Plan lag die Form des Kreu\u00adzes zu\u00adgrun\u00adde: Ei\u00adne Ge\u00adb\u00e4u\u00adde\u00adzei\u00adle mar\u00adkier\u00adte den Quer\u00adbal\u00adken in west\u2013\u00f6st\u00adli\u00adcher Rich\u00adtung, w\u00e4h\u00adrend die Kir\u00adche im Nor\u00adden und die Ge\u00adb\u00e4u\u00adde im S\u00fc\u00adden um den An\u00adger he\u00adrum den Kreu\u00adzes\u00adstamm bil\u00adde\u00adten. Der Glau\u00adbe der Ko\u00adlo\u00adnie\u00adgr\u00fcn\u00adder fand auf die\u00adse Wei\u00adse bis in die sicht\u00adba\u00adre Ge\u00adstal\u00adtung des Or\u00adtes hi\u00adnein sei\u00adnen Aus\u00addruck.<\/p>\n<p>&nbsp;<\/p>\n<p><strong>Dachziegel mit Vaterunser<\/strong><\/p>\n<p><img loading=\"lazy\" decoding=\"async\" class=\" wp-image-5104 alignleft\" src=\"https:\/\/kirche-immenhausen-espenau.de\/wp-content\/uploads\/2022\/08\/ziegel_mariendorf_960-300x148.jpg\" alt=\"\" width=\"434\" height=\"214\" srcset=\"https:\/\/kirche-immenhausen-espenau.de\/wp-content\/uploads\/2022\/08\/ziegel_mariendorf_960-300x148.jpg 300w, https:\/\/kirche-immenhausen-espenau.de\/wp-content\/uploads\/2022\/08\/ziegel_mariendorf_960-768x380.jpg 768w, https:\/\/kirche-immenhausen-espenau.de\/wp-content\/uploads\/2022\/08\/ziegel_mariendorf_960.jpg 960w\" sizes=\"auto, (max-width: 434px) 100vw, 434px\" \/>Vom Glau\u00adben der Hu\u00adge\u00adnot\u00adten zeugt auch ein er\u00adhal\u00adten ge\u00adblie\u00adbe\u00adner Dach\u00adzie\u00adgel von ei\u00adnem Bau\u00adern\u00adhaus (ca. 1770), auf dem der fran\u00adz\u00f6\u00adsi\u00adsche Text des Va\u00adter\u00adun\u00adsers ein\u00adge\u00adritzt ist. Die Ge\u00admein\u00adde blieb bis 1739 selbst\u00adst\u00e4n\u00addig. Die fol\u00adgen\u00adden 100 Jah\u00adre sind durch die Ver\u00adbin\u00addung mit Carls\u00addorf ge\u00adpr\u00e4gt. Die zu\u00adgleich da\u00admit an\u00adge\u00adstreb\u00adte Ver\u00adle\u00adgung des Amts\u00adsit\u00adzes der Pfar\u00adrer nach Carls\u00addorf konn\u00adten die Ma\u00adrien\u00addor\u00adfer durch ih\u00adren hart\u00adn\u00e4\u00adcki\u00adgen Wi\u00adder\u00adstand zu\u00adn\u00e4chst noch ver\u00adhin\u00addern. Aber seit 1789 muss\u00adte man ak\u00adzep\u00adtie\u00adren, dass man pfarr\u00adamt\u00adlich von Carls\u00addorf aus be\u00adtreut wurde. Von 1840 bis 1963 war Ma\u00adrien\u00addorf als Mut\u00adter\u00adge\u00admein\u00adde mit der Nach\u00adbar\u00adge\u00admein\u00adde in Uden\u00adhau\u00adsen ver\u00adbun\u00adden. Da\u00admit hat\u00adte man wie\u00adder ei\u00adnen Pfar\u00adrer, der im Ort wohn\u00adte. In die An\u00adf\u00e4n\u00adge die\u00adser Pha\u00adse f\u00e4llt der Er\u00adwerb ei\u00adnes neu\u00aden Pfarr\u00adhau\u00adses, da das alte, bau\u00adf\u00e4l\u00adlig ge\u00adwor\u00adde\u00adne An\u00adwe\u00adsen ab\u00adge\u00adris\u00adsen wer\u00adden muss\u00adte. Durch ei\u00adnen Bom\u00adben\u00adab\u00adwurf am 3. Ok\u00adto\u00adber 1944 wur\u00adde auch die\u00adses Pfarr\u00adhaus schlie\u00df\u00adlich zer\u00adst\u00f6rt. An sei\u00adner Stel\u00adle be\u00adfin\u00addet sich heu\u00adte das Mit\u00adte der sech\u00adzi\u00adger Jah\u00adre er\u00adbau\u00adte Ge\u00admein\u00adde\u00adhaus der Kir\u00adchen\u00adge\u00admein\u00adde.<\/p>\n<p>Die Nach\u00adkriegs\u00adjah\u00adre wa\u00adren ge\u00adpr\u00e4gt durch das Feh\u00adlen von ge\u00adeig\u00adne\u00adten R\u00e4um\u00adlich\u00adkei\u00adten f\u00fcr das Ge\u00admein\u00adde\u00adle\u00adben und ins\u00adbe\u00adson\u00adde\u00adre f\u00fcr den Pfar\u00adrer im Ort. Es blieb zu\u00adn\u00e4chst bei Be\u00adhelfs\u00adl\u00f6\u00adsun\u00adgen. Pfr. Dett\u00admar, der letz\u00adte Pfar\u00adrer des Kirch\u00adspiels Ma\u00adrien\u00addorf-Uden\u00adhau\u00adsen, wohn\u00adte in Uden\u00adhau\u00adsen und hat\u00adte f\u00fcr sei\u00adne Ar\u00adbeit in Ma\u00adrien\u00addorf le\u00addig\u00adlich ei\u00adnen Raum in der al\u00adten Dorf\u00adschu\u00adle zur Ver\u00adf\u00fc\u00adgung. Mit Zu\u00adstim\u00admung der Kir\u00adchen\u00advor\u00adst\u00e4n\u00adde en\u00adde\u00adte im Jahr 1963 die Ver\u00adbin\u00addung mit Uden\u00adhau\u00adsen. Von da an wur\u00adde die Ge\u00admein\u00adde in Ma\u00adrien\u00addorf pfarr\u00adamt\u00adlich von Im\u00admen\u00adhau\u00adsen aus mit\u00adbe\u00adtreut. Die Pfarr\u00adstel\u00adle in Ma\u00adrien\u00addorf galt aber in die\u00adser Zeit als va\u00adkant. Erst mit der Schaf\u00adfung einer zwei\u00adten Pfarr\u00adstel\u00adle Im\u00admen\u00adhau\u00adsen-Ma\u00adrien\u00addorf wur\u00adde die\u00adser Zu\u00adstand am 1. Ja\u00adnu\u00adar 1982 be\u00aden\u00addet. Der Amts\u00adsitz des Ma\u00adrien\u00addor\u00adfer Pfar\u00adrers ist seit\u00adher in Im\u00admen\u00adhau\u00adsen, wie in den ers\u00adten Jah\u00adren der Ko\u00adlo\u00adnie.<\/p>\n<p>Die fran\u00adz\u00f6\u00adsisch-re\u00adfor\u00admier\u00adte Tra\u00addi\u00adtion zeigt sich heu\u00adte noch in vie\u00adlen Na\u00admen, vor al\u00adlem aber in den er\u00adhal\u00adte\u00adnen Ge\u00adb\u00e4u\u00adden und schrift\u00adli\u00adchen Zeug\u00adnis\u00adsen der Ge\u00admein\u00adde. Durch Ein\u00adhei\u00adra\u00adtung und An\u00adsied\u00adlung deut\u00adscher Fa\u00admi\u00adli\u00aden fand schon ver\u00adh\u00e4lt\u00adnis\u00adm\u00e4\u00ad\u00dfig fr\u00fch eine Ver\u00admi\u00adschung der Ko\u00adlo\u00adnie\u00adbe\u00adv\u00f6l\u00adke\u00adrung statt. Da\u00addurch ge\u00adwann auch das Deut\u00adsche als Um\u00adgangs\u00adspra\u00adche rasch an Be\u00addeu\u00adtung. Trotz al\u00adlem blieb die fran\u00adz\u00f6\u00adsi\u00adsche Spra\u00adche noch bis in das zwan\u00adzigs\u00adte Jahr\u00adhun\u00addert hi\u00adnein in Ge\u00adbrauch. Bis 1823 wa\u00adren auch al\u00adle Pfar\u00adrer der Gemein\u00adde noch fran\u00adz\u00f6\u00adsi\u00adscher Ab\u00adstam\u00admung. Mit dem ers\u00adten deut\u00adschen Amts\u00adtr\u00e4\u00adger hielt dann auch die deut\u00adsche Spra\u00adche ih\u00adren Ein\u00adzug in die Kir\u00adchen\u00adb\u00fc\u00adcher.<\/p>\n<p><strong>\u00a0<\/strong><\/p>\n<p><strong>Die Kirche<\/strong><\/p>\n<p><img loading=\"lazy\" decoding=\"async\" class=\" wp-image-5109 alignleft\" src=\"https:\/\/kirche-immenhausen-espenau.de\/wp-content\/uploads\/2022\/08\/6fa5de69-d82d-4b9c-a4c6-6085601ee857-300x225.jpg\" alt=\"\" width=\"365\" height=\"274\" srcset=\"https:\/\/kirche-immenhausen-espenau.de\/wp-content\/uploads\/2022\/08\/6fa5de69-d82d-4b9c-a4c6-6085601ee857-300x225.jpg 300w, https:\/\/kirche-immenhausen-espenau.de\/wp-content\/uploads\/2022\/08\/6fa5de69-d82d-4b9c-a4c6-6085601ee857-1024x768.jpg 1024w, https:\/\/kirche-immenhausen-espenau.de\/wp-content\/uploads\/2022\/08\/6fa5de69-d82d-4b9c-a4c6-6085601ee857-768x576.jpg 768w, https:\/\/kirche-immenhausen-espenau.de\/wp-content\/uploads\/2022\/08\/6fa5de69-d82d-4b9c-a4c6-6085601ee857-1536x1152.jpg 1536w, https:\/\/kirche-immenhausen-espenau.de\/wp-content\/uploads\/2022\/08\/6fa5de69-d82d-4b9c-a4c6-6085601ee857.jpg 2016w\" sizes=\"auto, (max-width: 365px) 100vw, 365px\" \/>Das wich\u00adtigs\u00adte Zeug\u00adnis der Tra\u00addi\u00adtion ist die am 9. Ju\u00adni 1710 ein\u00adge\u00adweih\u00adte Kir\u00adche von Ma\u00adrien\u00addorf. Sie ist eben\u00adso wie der Ort selbst der Land\u00adgr\u00e4\u00adfin Maria Ama\u00adlia ge\u00adwid\u00admet. Ei\u00adne In\u00adschrift \u00fcber dem Ein\u00adgang weist da\u00adrauf hin. Aus der Zeit der Er\u00adbau\u00adung stam\u00admen die Or\u00adna\u00adment\u00adma\u00adle\u00adrei\u00aden um die Fens\u00adter und die bei\u00adden fran\u00adz\u00f6\u00adsi\u00adschen Bi\u00adbel\u00adspr\u00fc\u00adche an der Nord\u00adwand, um de\u00adren end\u00adg\u00fcl\u00adti\u00adge Res\u00adtau\u00adrie\u00adrung sich die Kir\u00adchen\u00adge\u00admein\u00adde seit Mit\u00adte der 80er Jah\u00adre sehr be\u00adm\u00fcht hat. Sie wur\u00adde da\u00adbei be\u00adson\u00adders von der po\u00adli\u00adti\u00adschen Gro\u00df\u00adge\u00admein\u00adde Im\u00admen\u00adhau\u00adsen un\u00adter\u00adst\u00fctzt, der Ma\u00adrien\u00addorf seit dem 1. De\u00adzem\u00adber 1970 als Orts\u00adteil an\u00adge\u00adh\u00f6rt. Das Ende der Re\u00adno\u00advie\u00adrung der Wand\u00adma\u00adle\u00adrei\u00aden konn\u00adte schlie\u00df\u00adlich am 13. Ok\u00adto\u00adber 1996 mit ei\u00adnem Fest\u00adgot\u00adtes\u00addienst ge\u00adfei\u00adert wer\u00adden. Der Got\u00adtes\u00addienst\u00adraum zeigt sich seit\u00adher wie\u00adder in ei\u00adner Ge\u00adstal\u00adtung, die der ur\u00adspr\u00fcng\u00adli\u00adchen aus den Er\u00adbau\u00adungs\u00adjah\u00adren sehr na\u00adhe kom\u00admen d\u00fcrf\u00adte.[\/vc_column_text][\/vc_accordion_tab][vc_accordion_tab title=&#8220;Kirchenvorstand&#8220;][vc_column_text css=&#8220;&#8220;]<\/p>\n<h3>Der Kir\u00adchen\u00advor\u00adstand in Im\u00admen\u00adhau\u00adsen-Mariendorf<\/h3>\n<p>Seit dem 01.01.2026 sind die Kirchengemeinden Immenhausen und Mariendorf&nbsp; zur Ev. ref. Kirchengemeinde Immenhausen-Mariendorf fusioniert.<\/p>\n<p>Der Kir\u00adchen\u00advor\u00adstand Im\u00admen\u00adhau\u00adsen-Mariendorf setzt sich aus elf ge\u00adw\u00e4hl\u00adten&nbsp; Mit\u00adglie\u00addern so\u00adwie einer Pfarrperson zu\u00adsam\u00admen.<\/p>\n<p>Die fol\u00adgen\u00adden Per\u00adso\u00adnen wurden am 18. Januar 2026 feierlich in ihr Amt als Kirchenvorstand in der&nbsp; Kirchengemeinde Im\u00admen\u00adhau\u00adsen-Mariendorf eingef\u00fchrt:<\/p>\n<ol>\n<li>Lena Feiler<\/li>\n<li>Mareike Hofmeyer<\/li>\n<li>Sophie K\u00f6the<\/li>\n<li>Regina Landgrebe<\/li>\n<li>Christian M\u00fcnch<\/li>\n<li>Birgitt Neukirch<\/li>\n<li>Amelie Nixdorf<\/li>\n<li>Alexandra Siebert<\/li>\n<li>Carsten Siebert<\/li>\n<li>Chris\u00adti\u00adan Stelt\u00admann<\/li>\n<li>Marc Wil\u00adkens<\/li>\n<\/ol>\n<p>Hinzu kom\u00admen die Kir\u00adchen\u00ad\u00e4l\u00adtes\u00adten, die beratend an Sit\u00adzun\u00adgen des Kirchenvorstands teilnehmen.<\/p>\n<p>&nbsp;<\/p>\n<p><strong>\u00dcbersicht \u00fcber besondere Aufgaben der Mitglieder des Kirchenvorstands sowie Beauftragungen und Aussch\u00fcsse:<\/strong><\/p>\n<p><strong>Vorsit\u00adzen\u00adder und ge\u00adsch\u00e4fts\u00adf\u00fch\u00adren\u00adder Pfar\u00adrer<\/strong><\/p>\n<ul>\n<li>Pfarrer Christian Brandt (Vakanzvertretung)<\/li>\n<\/ul>\n<p><strong>Stell\u00adver\u00adtre\u00adten\u00adder Vor\u00adsit\u00adzen\u00adder<\/strong><\/p>\n<ul>\n<li>Christian Steltmann<\/li>\n<\/ul>\n<p><strong>Delegier\u00adte mit (Stellvertretung) der Kreis\u00adsy\u00adno\u00adde f\u00fcr das Kirchspiel Immenhausen-Espenau<\/strong><\/p>\n<ul>\n<li>Birgitt Neukirch, (Mareike Hofmeyer)<\/li>\n<li>Carsten Siebert, (Christian Steltmann)<\/li>\n<li>Armin Reiting&nbsp; (Christiane Litschewski)<\/li>\n<li>Cordula Winkler, (Virginia Hartjen)<\/li>\n<\/ul>\n<p><strong>Stiftungs\u00adbei\u00adrat Hos\u00adpi\u00adtal<\/strong><\/p>\n<ul>\n<li>Pfarrstelleninhaber:in Pfarrstelle 3 (z. Zeit vakant)<\/li>\n<li>Christian Steltmann&nbsp; (Dr. Christian M\u00fcnch)<\/li>\n<\/ul>\n<p>F\u00fcr die st\u00e4d\u00adti\u00adschen Gre\u00admien ge\u00adh\u00f6\u00adren dem Hos\u00adpi\u00adtal\u00adbei\u00adrat die fol\u00adgen\u00adden Per\u00adso\u00adnen an:<\/p>\n<ul>\n<li>Bgm. Lars Obermann (stv. Vor\u00adsitz)<\/li>\n<li>Lothar Diet\u00adrich<\/li>\n<li>Udo Schaff\u00adland<\/li>\n<\/ul>\n<p>Au\u00dferdem wur\u00adde sat\u00adzungs\u00adge\u00adm\u00e4\u00df als ein wei\u00adte\u00adrer B\u00fcr\u00adger der Stadt Im\u00admen\u00adhau\u00adsen, der we\u00adder dem Kir\u00adchen\u00advor\u00adstand noch dem Ma\u00adgis\u00adtrat oder der Stadt\u00adver\u00adord\u00adne\u00adten\u00adver\u00adsamm\u00adlung an\u00adge\u00adh\u00f6rt, in den Hos\u00adpi\u00adtal\u00adbei\u00adrat be\u00adru\u00adfen:<\/p>\n<ul>\n<li>Edgar See\u00adger<\/li>\n<\/ul>\n<p><strong>Bau-, Finanz- und Pacht\u00adaus\u00adschuss inkl. Arbeitsschutz<\/strong><\/p>\n<ul>\n<li>Heinz Bachmann<\/li>\n<li>Karsten Ernst<\/li>\n<li>Kai Hofmeyer<\/li>\n<li>Christian Steltmann<\/li>\n<\/ul>\n<p><strong>Weitere Beauftragungen:<\/strong><\/p>\n<p><em><strong>Dia\u00adko\u00adnie<\/strong><\/em><\/p>\n<ul>\n<li>Amelie Nixdorf<\/li>\n<\/ul>\n<p><em><strong>Frau\u00aden\u00adar\u00adbeit<\/strong><\/em><\/p>\n<ul>\n<li>Marianne Becker, Birgitt Neukirch<\/li>\n<\/ul>\n<p><em><strong>Jugendarbeit<br \/>\n<\/strong><\/em><\/p>\n<ul>\n<li>Lena Feiler (Birgitt Neukirch)<\/li>\n<\/ul>\n<p><em><strong>Kir\u00adchen\u00admu\u00adsik<\/strong><\/em><\/p>\n<ul>\n<li>Carsten Siebert<\/li>\n<\/ul>\n<p><strong>Kooperationsraum-Ausschuss<\/strong><\/p>\n<ul>\n<li>Birgitt Neukirch (Sophie K\u00f6the)<\/li>\n<\/ul>\n<p><strong>\u00d6ffentlichkeitsarbeit<\/strong><\/p>\n<ul>\n<li>NN<\/li>\n<\/ul>\n<p><strong>Redaktionsausschuss der Kirchengemeinde<\/strong><\/p>\n<ul>\n<li>Lena Feiler<\/li>\n<li>Mareike Hofmeyer<\/li>\n<li>Sophie K\u00f6the<\/li>\n<li>Birgitt Neukirch<\/li>\n<li>Amelie Nixdorf<\/li>\n<\/ul>\n<p><strong>Se\u00adnio\u00adren\u00adar\u00adbeit<\/strong><\/p>\n<ul>\n<li>Lena Feiler<\/li>\n<li>Mareike Hofmeyer<\/li>\n<\/ul>\n<p><strong>&nbsp;Zweckverbandsvorstandsmitglieder mit (Stellvertretung)<\/strong><\/p>\n<ul>\n<li>K\u00f6the, Sophie (Neukirch, Birgitt)<\/li>\n<li>Nixdorf, Amelie; (Steltmann, Christian)<\/li>\n<li>Marc Wilkens (M\u00fcnch, Christian)<\/li>\n<\/ul>\n<p>[\/vc_column_text][\/vc_accordion_tab][vc_accordion_tab title=&#8220;Spendenkonto&#8220;][vc_column_text]<strong>Stadt\u00adspar\u00adkas\u00adse Gre\u00adben\u00adstein<\/strong><\/p>\n<p><strong>IBAN: DE11\u20095205\u20091877\u20090000\u20094427 56<\/strong><\/p>\n<p><strong>BIC: HELADEF1GRE<\/strong><\/p>\n<p>Bitte tra\u00adgen Sie im Ver\u00adwen\u00addungs\u00adzweck ein, wo\u00adf\u00fcr Ih\u00adre Spen\u00adde be\u00adstimmt sein soll.<\/p>\n<p>M\u00f6g\u00adli\u00adche Spen\u00adden\u00adzwecke sind (al\u00adpha\u00adbe\u00adtisch auf\u00adge\u00adlis\u00adtet):<\/p>\n<ul>\n<li style=\"list-style-type: none;\">\n<ul>\n<li>Allgemeine Gemeindearbeit<\/li>\n<li>Brot f\u00fcr die Welt<\/li>\n<li>Erhaltung der Kirche<\/li>\n<li>Ge\u00admein\u00adde\u00adbrief<\/li>\n<li>Kin\u00adder- und Ju\u00adgend\u00adar\u00adbeit<\/li>\n<li>Unterhaltung des Gemeindehauses<\/li>\n<\/ul>\n<\/li>\n<\/ul>\n<p>Gott segne Ge\u00adber und Ga\u00adben.[\/vc_column_text][\/vc_accordion_tab][\/vc_accordion][\/vc_column][\/vc_row]<\/p>\n<\/div>","protected":false},"excerpt":{"rendered":"<p>[vc_row][vc_column][vc_column_text] Die Kirchengemeinde Mariendorf z\u00e4hlte Anfang 2022 rund 220 Gemeindeglieder, der Ort insgesamt etwa 420 Einwohner. Zum Gottesdienst wird zweimal im Monat und an den Feiertagen in die Kirche eingeladen. Erfreulich ist der vergleichsweise gute, regelm\u00e4\u00dfige Gottesdienstbesuch. Eine besondere Freude ist f\u00fcr die Gottesdienstbesucherinnen und -besucher die erneuerte Orgel mit ihrem strahlenden Klang. Mehrmals im&hellip;<\/p>\n","protected":false},"author":7,"featured_media":0,"parent":0,"menu_order":0,"comment_status":"closed","ping_status":"closed","template":"","meta":{"footnotes":""},"class_list":["post-5050","page","type-page","status-publish","hentry","description-off"],"publishpress_future_action":{"enabled":false,"date":"2026-05-13 13:04:54","action":"change-status","newStatus":"draft","terms":[],"taxonomy":"","extraData":[]},"publishpress_future_workflow_manual_trigger":{"enabledWorkflows":[]},"_links":{"self":[{"href":"https:\/\/kirche-immenhausen-espenau.de\/index.php?rest_route=\/wp\/v2\/pages\/5050","targetHints":{"allow":["GET"]}}],"collection":[{"href":"https:\/\/kirche-immenhausen-espenau.de\/index.php?rest_route=\/wp\/v2\/pages"}],"about":[{"href":"https:\/\/kirche-immenhausen-espenau.de\/index.php?rest_route=\/wp\/v2\/types\/page"}],"author":[{"embeddable":true,"href":"https:\/\/kirche-immenhausen-espenau.de\/index.php?rest_route=\/wp\/v2\/users\/7"}],"replies":[{"embeddable":true,"href":"https:\/\/kirche-immenhausen-espenau.de\/index.php?rest_route=%2Fwp%2Fv2%2Fcomments&post=5050"}],"version-history":[{"count":28,"href":"https:\/\/kirche-immenhausen-espenau.de\/index.php?rest_route=\/wp\/v2\/pages\/5050\/revisions"}],"predecessor-version":[{"id":8162,"href":"https:\/\/kirche-immenhausen-espenau.de\/index.php?rest_route=\/wp\/v2\/pages\/5050\/revisions\/8162"}],"wp:attachment":[{"href":"https:\/\/kirche-immenhausen-espenau.de\/index.php?rest_route=%2Fwp%2Fv2%2Fmedia&parent=5050"}],"curies":[{"name":"wp","href":"https:\/\/api.w.org\/{rel}","templated":true}]}}