{"id":4962,"date":"2022-08-06T13:39:32","date_gmt":"2022-08-06T13:39:32","guid":{"rendered":"https:\/\/kirche-immenhausen-espenau.de\/?page_id=4962"},"modified":"2023-08-05T09:41:49","modified_gmt":"2023-08-05T09:41:49","slug":"taufe-2","status":"publish","type":"page","link":"https:\/\/kirche-immenhausen-espenau.de\/?page_id=4962","title":{"rendered":"Taufe"},"content":{"rendered":"<h4>Jesus sagt: Lasst die Kinder zu mir kommen und wehret ihnen nicht, denn solchen geh\u00f6rt das Reich Gottes. (Matth\u00e4us 19,14)<\/h4>\n<p><span style=\"font-family: Calibri, sans-serif;\"><img loading=\"lazy\" decoding=\"async\" class=\" wp-image-4960 alignright\" src=\"https:\/\/kirche-immenhausen-espenau.de\/wp-content\/uploads\/2022\/08\/Taufe-1-300x240.jpg\" alt=\"\" width=\"393\" height=\"314\" srcset=\"https:\/\/kirche-immenhausen-espenau.de\/wp-content\/uploads\/2022\/08\/Taufe-1-300x240.jpg 300w, https:\/\/kirche-immenhausen-espenau.de\/wp-content\/uploads\/2022\/08\/Taufe-1-1024x820.jpg 1024w, https:\/\/kirche-immenhausen-espenau.de\/wp-content\/uploads\/2022\/08\/Taufe-1-768x615.jpg 768w, https:\/\/kirche-immenhausen-espenau.de\/wp-content\/uploads\/2022\/08\/Taufe-1.jpg 1280w\" sizes=\"auto, (max-width: 393px) 100vw, 393px\" \/><\/span>Die Geburt eines Kindes ist ein gro\u00dfartiges, einmaliges Ereignis f\u00fcr die Familie. Um dem Wort Jesu zu folgen, kommen Familien mit ihrem Neugeborenen zur Taufe in die Kirche. Das ist seit Jahrhunderten so, und die sehr alten Taufsteine in der Hohenkirchener Kirche und in der Stadtkirche Immenhausen machen dies augenf\u00e4llig.<\/p>\n<p>Mit der Taufe feiert die Familie das neue Leben in ihrer Mitte und vertraut es zugleich im Glauben Gott an. Die Taufe ist vor allem andern Gottes Einladung an einen Menschen: Du kannst dein Leben meistern, indem du mir vertraust. Und die Taufe ist zugleich die Verpflichtung, immer zuerst nach dem zu fragen, was Gott von mir erwartet. Dies wird deutlich vor allem dann, wenn ein Erwachsener getauft wird. Mit der Taufe eines Kindes \u00fcbernehmen besonders Eltern und Paten die Aufgabe, den eigenen Glauben an das Taufkind weiterzugeben. Das versprechen sie mit ihrem Ja auf die Tauffragen.<\/p>\n<p>Durch die Coronazeit ist die Taufpraxis in den Gemeinden des Kirchspiels Immenhausen-Espenau vielf\u00e4ltiger geworden. Neben die Taufe im Gemeindegottesdienst ist aus praktischen Gr\u00fcnden der Taufgottesdienst mit der Familie getreten. Und diese Praxis wird wohl eine M\u00f6glichkeit bleiben, auch wenn inzwischen wieder fast alles m\u00f6glich ist.<\/p>\n<p>Die Vorbereitung der Taufe beginnt am besten mit einem fr\u00fchzeitigen Anruf im Pfarramt, um Termin und Rahmen f\u00fcr die Taufe abzusprechen. Wenn der Termin steht, kann ein Taufgespr\u00e4ch verabredet werden, in dem der Ablauf der Taufe, die Mitwirkung der Familie und vieles mehr besprochen wird.<\/p>\n<p>Es ist ratsam f\u00fcr das Taufgespr\u00e4chs einiges vorzubereiten, einen Taufspruch auszuw\u00e4hlen, die Geburtsurkunde bereitzuhalten und die Anschriften der Paten ebenfalls.<\/p>\n<p>Das Patenamt ist eine sch\u00f6ne und zugleich verantwortungsvolle Aufgabe. Die Eltern schlagen die Paten vor, die Kirchengemeinde \u00fcbertr\u00e4gt das Amt. Patin oder Pate kann darum nur werden, wer einer christlichen Kirche angeh\u00f6rt. Aus diesem Grunde ist die Vorlage eines Patenscheins notwendig, wenn die Patin\/der Pate nicht im Kirchspiel Immenhausen-Espenau wohnt. Das Pfarramt am Wohnort stellt den Patenschein aus.<\/p>\n<p>Die Paten wirken in der Regel im Taufgottesdienst mit, halten das Kind, nennen vor der Taufe seinen Namen und verlesen den Taufspruch. Meist bitten die Eltern auch Patin oder Pate, die Taufkerze zu gestalten oder auszuw\u00e4hlen.<\/p>\n<p>Immer h\u00e4ufiger erleben Familien, dass vorgesehene Paten nicht (mehr) Mitglied einer Kirche sind. Um die dennoch bestehende Beziehung zum Kind\/T\u00e4ufling und den Wunsch der Familie nach einer Mitwirkung sowohl im Gottesdienst als auch (m\u00f6glicherweise) an der religi\u00f6sen Erziehung zu entsprechen, hat die Evangelische Kirche von Kurhessen-Waldeck die M\u00f6glichkeit des\/der Taufzeug*in geschaffen: &#8222;Damit wird der Wunsch von Tauffamilien aufgenommen, dass auch Menschen, die nicht oder nicht mehr Mitglied einer Kirche sind, mit dem Segen der Kirche Kinder auf ihrem Lebensweg begleiten&#8230; Es handelt sich nicht um ein Amt der Kirche&#8230;&#8220; (aus der Einleitung der Agende III\/1 Die Taufe der Evangelischen Kirche von Kurhessen-Waldeck).<\/p>\n<p>Eine <a href=\"https:\/\/kirche-immenhausen-espenau.de\/wp-content\/uploads\/2022\/08\/Taufheft.pdf\">Brosch\u00fcre<\/a> der Evangelische Kirche in Hessen und Nassau, eine Liste mit <a href=\"https:\/\/kirche-immenhausen-espenau.de\/wp-content\/uploads\/2022\/08\/Taufsprueche.pdf\">Taufspr\u00fcchen<\/a> und <a href=\"https:\/\/kirche-immenhausen-espenau.de\/wp-content\/uploads\/2022\/08\/Lieder-zur-Taufe-2.pdf\">Liedern zur Taufe<\/a>, die hier hinterlegt sind, k\u00f6nnen weitere Anregungen geben.<\/p>\n<p>Zwei wichtige Hinweise zum Schluss:<\/p>\n<p>Das Fotografieren und das Filmen ist w\u00e4hrend des Gottesdienstes nur in Absprache mit Pfarrer und\/oder K\u00fcster m\u00f6glich. Dies gilt vor allem in der Stadtkirche in Immenhausen wegen der sehr empfindlichen Wandmalereien.<\/p>\n<p>Ein sch\u00f6ner Brauch, der teilweise noch ge\u00fcbt wird, ist der sogenannte Altarumgang. Das bedeutet, die Tauffamilie umrundet auf dem Weg zum Platz den Altar. Dieser ist mit der Bibel darauf ein Symbol des Glaubens und dort steht eine Schale, in die eine Taufgabe eingelegt werden kann.<\/p>\n<h4 style=\"text-align: center;\">Das Leben der Eltern ist das Buch, in dem die Kinder lesen.<\/h4>\n<p style=\"text-align: center;\">Fancy Quote<\/p>\n","protected":false},"excerpt":{"rendered":"<p>Jesus sagt: Lasst die Kinder zu mir kommen und wehret ihnen nicht, denn solchen geh\u00f6rt das Reich Gottes. (Matth\u00e4us 19,14) Die Geburt eines Kindes ist ein gro\u00dfartiges, einmaliges Ereignis f\u00fcr die Familie. Um dem Wort Jesu zu folgen, kommen Familien mit ihrem Neugeborenen zur Taufe in die Kirche. Das ist seit Jahrhunderten so, und die&hellip;<\/p>\n","protected":false},"author":7,"featured_media":0,"parent":0,"menu_order":0,"comment_status":"closed","ping_status":"closed","template":"","meta":{"footnotes":""},"class_list":["post-4962","page","type-page","status-publish","hentry","description-off"],"publishpress_future_action":{"enabled":false,"date":"2026-04-28 09:18:22","action":"change-status","newStatus":"draft","terms":[],"taxonomy":"","extraData":[]},"publishpress_future_workflow_manual_trigger":{"enabledWorkflows":[]},"_links":{"self":[{"href":"https:\/\/kirche-immenhausen-espenau.de\/index.php?rest_route=\/wp\/v2\/pages\/4962","targetHints":{"allow":["GET"]}}],"collection":[{"href":"https:\/\/kirche-immenhausen-espenau.de\/index.php?rest_route=\/wp\/v2\/pages"}],"about":[{"href":"https:\/\/kirche-immenhausen-espenau.de\/index.php?rest_route=\/wp\/v2\/types\/page"}],"author":[{"embeddable":true,"href":"https:\/\/kirche-immenhausen-espenau.de\/index.php?rest_route=\/wp\/v2\/users\/7"}],"replies":[{"embeddable":true,"href":"https:\/\/kirche-immenhausen-espenau.de\/index.php?rest_route=%2Fwp%2Fv2%2Fcomments&post=4962"}],"version-history":[{"count":25,"href":"https:\/\/kirche-immenhausen-espenau.de\/index.php?rest_route=\/wp\/v2\/pages\/4962\/revisions"}],"predecessor-version":[{"id":6330,"href":"https:\/\/kirche-immenhausen-espenau.de\/index.php?rest_route=\/wp\/v2\/pages\/4962\/revisions\/6330"}],"wp:attachment":[{"href":"https:\/\/kirche-immenhausen-espenau.de\/index.php?rest_route=%2Fwp%2Fv2%2Fmedia&parent=4962"}],"curies":[{"name":"wp","href":"https:\/\/api.w.org\/{rel}","templated":true}]}}