{"id":4913,"date":"2022-07-31T14:07:18","date_gmt":"2022-07-31T14:07:18","guid":{"rendered":"https:\/\/kirche-immenhausen-espenau.de\/?page_id=4913"},"modified":"2022-08-08T16:22:21","modified_gmt":"2022-08-08T16:22:21","slug":"trauer-und-abschied","status":"publish","type":"page","link":"https:\/\/kirche-immenhausen-espenau.de\/?page_id=4913","title":{"rendered":"Trauer und Abschied"},"content":{"rendered":"<h3>Jesus sagt: Lasst die Toten ihre Toten begraben! (Matth\u00e4us 8,22)<\/h3>\n<p><img loading=\"lazy\" decoding=\"async\" class=\" wp-image-4917 alignright\" src=\"https:\/\/kirche-immenhausen-espenau.de\/wp-content\/uploads\/2022\/07\/Trauer-2.jpg\" alt=\"\" width=\"449\" height=\"299\" \/>Dieser Satz erschreckt beim ersten H\u00f6ren oder Lesen. Ist unsere Bestattungskultur nicht im Sinne Jesu, lautet die bange Frage. Wie so oft kommt es auch hier auf den Zusammenhang an. Es geht Jesus um die Entscheidung f\u00fcr das Reich Gottes und seinen Weg mit Gott, die verbunden ist mit einer gesunden Distanz zur Welt. Weltliche Angelegenheiten sind wichtig, aber sie d\u00fcrfen seine Nachfolger nicht beherrschen. Unter diesem Vorzeichen ist das Begraben der Toten ein Werk der Barmherzigkeit und im Mittelpunkt der Verk\u00fcndigung und Seelsorge steht die Hoffnungsbotschaft unseres christlichen Glaubens, die konzentriert ist in einem anderen Jesuswort:<\/p>\n<p>Ich bin die Auferstehung und das Leben. Wer an mich glaubt, der wird leben, auch wenn er stirbt; und wer da lebt und glaubt an mich, der wird nimmermehr sterben. (Johannes 11,25-26)<\/p>\n<p>\u00dcber die Jahrhunderte hinweg hat die christliche Tradition ein gro\u00dfes Ma\u00df an Erfahrung gesammelt bei der Begleitung trauernder Menschen und sich dabei den Ver\u00e4nderungen der Bestattungskultur anpassen k\u00f6nnen, ohne das Zentrum ihrer Botschaft aufzugeben. Das Leben des Verstorbenen wird dabei in den Blick genommen und gew\u00fcrdigt als einzigartige Gabe Gottes und hoffnungsvoll zur\u00fcckgegeben in Gottes Hand.<\/p>\n<p>Wenn der Tod eines geliebten Menschen uns in Trauer zur\u00fcckl\u00e4sst, ist dies immer eine Ausnahmesituation, in der wichtige Entscheidungen getroffen werden m\u00fcssen zur Vorbereitung der Beisetzung.<\/p>\n<p>F\u00fcr viele praktische Fragen ist der erfahrene Bestatter ein kompetenter Berater. Die Entscheidung, welche Art der Bestattung es werden soll, kann er aber nicht abnehmen. Soll es eine klassische Erdbestattung sein oder eine Urnenbestattung? An welchem Ort soll die Asche beigesetzt werden? Der Bestatter kennt die verschiedenen M\u00f6glichkeiten und trifft die notwendigen Verabredungen. Er informiert in der Regel auch das Pfarramt, wenn ein Trauergottesdienst gew\u00fcnscht wird. Daf\u00fcr wird dann mit dem Pfarrer\/der Pfarrerin ein Trauergespr\u00e4ch verabredet, das seelsorgerliche und praktische Elemente umfasst.<\/p>\n<p>Das L\u00e4uten der Glocken zum Trauergottesdienst l\u00e4dt zur Anteilnahme ein und ist f\u00fcr viele Trauernden ein Trost. In manchen Gemeinden wird daf\u00fcr eine kleine Geb\u00fchr erhoben, in Immenhausen und Mariendorf wird um eine Spende gebeten f\u00fcr die Unterhaltung der Glocken. Beides kann man Zeichen der W\u00fcrdigung des Verstorbenen verstehen.<\/p>\n<p>Der Trauergottesdienst besteht aus Gebeten, Lesungen, der Trauerpredigt und passender Musik. Neben den altbekannten Trauerliedern gibt es inzwischen auch neuere Lieder mit zeitgem\u00e4\u00dfen Texten. In einem kleinen Liederheft, das in den Trauerhallen ausliegt, sind sie zusammengestellt. Das <a href=\"https:\/\/kirche-immenhausen-espenau.de\/wp-content\/uploads\/2022\/07\/Lieder-Trauer-Abschied.pdf\">Verzeichnis der Lieder<\/a> ist hier zu finden. Vorgetragen werden sie auf unterschiedliche Weise, in der Regel von der Orgel begleitet. Musik kann aber auch eingespielt werden. Das \u00fcbernimmt in der Regel der Bestatter und es sind daf\u00fcr GEMA Geb\u00fchren zu entrichten. Weitere Elemente pers\u00f6nlicher Art k\u00f6nnen im Trauergottesdienst Ber\u00fccksichtigung finden.<\/p>\n<p>Nach dem Trauergottesdienst folgt in der Regel die Beisetzung, es ist aber auch ein zeitlicher Abstand m\u00f6glich, wenn beispielsweise zun\u00e4chst ein Trauergottesdienst gefeiert wird und dann die Verbrennung erfolgt. Die Beisetzung der Urne wird dann meist von dem Pfarrer\/der Pfarrerin begleitet, die den Trauergottesdienst geleitet hat.<\/p>\n<p>Weitere Anregungen zu Trauer und Abschied sind zusammengetragen in einer <a href=\"https:\/\/kirche-immenhausen-espenau.de\/wp-content\/uploads\/2022\/07\/Heft-Bestattung-2.pdf\">Brosch\u00fcre<\/a> aus der Evangelischen Kirche in Hessen und Nassau, die zu finden ist.<\/p>\n<p>Eine Hilfe zur Vorbereitung des Trauergottesdienstes kann auch eine <a href=\"https:\/\/kirche-immenhausen-espenau.de\/wp-content\/uploads\/2022\/07\/Biblische-Trostworte-zur-Beerdigung.pdf\">Zusammenstellung von biblischen Worten<\/a> zu Trauer und Abschied.<\/p>\n","protected":false},"excerpt":{"rendered":"<p>Jesus sagt: Lasst die Toten ihre Toten begraben! (Matth\u00e4us 8,22) Dieser Satz erschreckt beim ersten H\u00f6ren oder Lesen. Ist unsere Bestattungskultur nicht im Sinne Jesu, lautet die bange Frage. Wie so oft kommt es auch hier auf den Zusammenhang an. Es geht Jesus um die Entscheidung f\u00fcr das Reich Gottes und seinen Weg mit Gott,&hellip;<\/p>\n","protected":false},"author":7,"featured_media":0,"parent":0,"menu_order":0,"comment_status":"closed","ping_status":"closed","template":"","meta":{"footnotes":""},"class_list":["post-4913","page","type-page","status-publish","hentry","description-off"],"publishpress_future_action":{"enabled":false,"date":"2026-04-26 14:39:33","action":"change-status","newStatus":"draft","terms":[],"taxonomy":"","extraData":[]},"publishpress_future_workflow_manual_trigger":{"enabledWorkflows":[]},"_links":{"self":[{"href":"https:\/\/kirche-immenhausen-espenau.de\/index.php?rest_route=\/wp\/v2\/pages\/4913","targetHints":{"allow":["GET"]}}],"collection":[{"href":"https:\/\/kirche-immenhausen-espenau.de\/index.php?rest_route=\/wp\/v2\/pages"}],"about":[{"href":"https:\/\/kirche-immenhausen-espenau.de\/index.php?rest_route=\/wp\/v2\/types\/page"}],"author":[{"embeddable":true,"href":"https:\/\/kirche-immenhausen-espenau.de\/index.php?rest_route=\/wp\/v2\/users\/7"}],"replies":[{"embeddable":true,"href":"https:\/\/kirche-immenhausen-espenau.de\/index.php?rest_route=%2Fwp%2Fv2%2Fcomments&post=4913"}],"version-history":[{"count":8,"href":"https:\/\/kirche-immenhausen-espenau.de\/index.php?rest_route=\/wp\/v2\/pages\/4913\/revisions"}],"predecessor-version":[{"id":5017,"href":"https:\/\/kirche-immenhausen-espenau.de\/index.php?rest_route=\/wp\/v2\/pages\/4913\/revisions\/5017"}],"wp:attachment":[{"href":"https:\/\/kirche-immenhausen-espenau.de\/index.php?rest_route=%2Fwp%2Fv2%2Fmedia&parent=4913"}],"curies":[{"name":"wp","href":"https:\/\/api.w.org\/{rel}","templated":true}]}}