{"id":4827,"date":"2023-08-22T07:41:00","date_gmt":"2023-08-22T07:41:00","guid":{"rendered":"https:\/\/kirche-immenhausen-espenau.de\/?page_id=4827"},"modified":"2026-01-28T17:46:44","modified_gmt":"2026-01-28T17:46:44","slug":"kindergruppe-mit-jola-oelerich","status":"publish","type":"page","link":"https:\/\/kirche-immenhausen-espenau.de\/?page_id=4827","title":{"rendered":"Kin\u00addergruppe Immenhausen"},"content":{"rendered":"<h4><strong>Jesus sagt: Lasst die Kinder zu mir kommen!<\/strong><\/h4>\n<p><img loading=\"lazy\" decoding=\"async\" class=\" wp-image-3075 alignright\" src=\"https:\/\/kirche-immenhausen-espenau.de\/wp-content\/uploads\/2020\/07\/erkennungsbild-Kigu-platzhalter-300x169.jpg\" alt=\"\" width=\"395\" height=\"223\" srcset=\"https:\/\/kirche-immenhausen-espenau.de\/wp-content\/uploads\/2020\/07\/erkennungsbild-Kigu-platzhalter-300x169.jpg 300w, https:\/\/kirche-immenhausen-espenau.de\/wp-content\/uploads\/2020\/07\/erkennungsbild-Kigu-platzhalter-1024x576.jpg 1024w, https:\/\/kirche-immenhausen-espenau.de\/wp-content\/uploads\/2020\/07\/erkennungsbild-Kigu-platzhalter-768x432.jpg 768w, https:\/\/kirche-immenhausen-espenau.de\/wp-content\/uploads\/2020\/07\/erkennungsbild-Kigu-platzhalter.jpg 1328w\" sizes=\"auto, (max-width: 395px) 100vw, 395px\" \/>Die Kindergruppe ist ein offenes Angebot f\u00fcr alle Kinder im Alter von 5 bis 10 Jahren.<\/p>\n<p>Treffpunkt ist der Jugendraum im evangelischen Gemeindehaus in Immenhausen, Kampweg 17 (Kellertreppe), \u00a0zurzeit donnerstags von 17 bis 18.30 Uhr. Das kann sich allerdings auch mal \u00e4ndern.<\/p>\n<p>Auf viele Kinder freut sich Jola Oelerich und hat immer ein tolles Programm im Angebot mit Basteln, Spielen und viel Spa\u00df. Weil viel Bewegung zu den Kindergruppe-Treffen geh\u00f6rt, ist es \u00fcbrigens gut, wenn ein Paar Hausschuhe mitgebracht werden. Alles andere wird organisiert und<a href=\"https:\/\/kirche-immenhausen-espenau.de\/wp-content\/uploads\/2026\/01\/Flyer_Kindergruppe_Immenhausen_Januar_25.png\"> das aktuelle Programm ist hier<\/a> zu finden.<\/p>\n<p>Kontakt:<br \/>\nJonas Oelerich, Telefon <a href=\"tel:+4915784051012\">0157 8405 1012<\/a>,\u00a0 E-Mail: <a href=\"mailto:jola.oelerich@gmail.com\">jola.oelerich(at)gmail.com<\/a><\/p>\n","protected":false},"excerpt":{"rendered":"<p>Jesus sagt: Lasst die Kinder zu mir kommen! Die Kindergruppe ist ein offenes Angebot f\u00fcr alle Kinder im Alter von 5 bis 10 Jahren. Treffpunkt ist der Jugendraum im evangelischen Gemeindehaus in Immenhausen, Kampweg 17 (Kellertreppe), \u00a0zurzeit donnerstags von 17 bis 18.30 Uhr. Das kann sich allerdings auch mal \u00e4ndern. Auf viele Kinder freut sich&hellip;<\/p>\n","protected":false},"author":20,"featured_media":0,"parent":0,"menu_order":0,"comment_status":"closed","ping_status":"closed","template":"","meta":{"footnotes":""},"class_list":["post-4827","page","type-page","status-publish","hentry","description-off"],"publishpress_future_action":{"enabled":false,"date":"2026-05-22 10:37:33","action":"change-status","newStatus":"draft","terms":[],"taxonomy":"","extraData":[]},"publishpress_future_workflow_manual_trigger":{"enabledWorkflows":[]},"_links":{"self":[{"href":"https:\/\/kirche-immenhausen-espenau.de\/index.php?rest_route=\/wp\/v2\/pages\/4827","targetHints":{"allow":["GET"]}}],"collection":[{"href":"https:\/\/kirche-immenhausen-espenau.de\/index.php?rest_route=\/wp\/v2\/pages"}],"about":[{"href":"https:\/\/kirche-immenhausen-espenau.de\/index.php?rest_route=\/wp\/v2\/types\/page"}],"author":[{"embeddable":true,"href":"https:\/\/kirche-immenhausen-espenau.de\/index.php?rest_route=\/wp\/v2\/users\/20"}],"replies":[{"embeddable":true,"href":"https:\/\/kirche-immenhausen-espenau.de\/index.php?rest_route=%2Fwp%2Fv2%2Fcomments&post=4827"}],"version-history":[{"count":25,"href":"https:\/\/kirche-immenhausen-espenau.de\/index.php?rest_route=\/wp\/v2\/pages\/4827\/revisions"}],"predecessor-version":[{"id":8134,"href":"https:\/\/kirche-immenhausen-espenau.de\/index.php?rest_route=\/wp\/v2\/pages\/4827\/revisions\/8134"}],"wp:attachment":[{"href":"https:\/\/kirche-immenhausen-espenau.de\/index.php?rest_route=%2Fwp%2Fv2%2Fmedia&parent=4827"}],"curies":[{"name":"wp","href":"https:\/\/api.w.org\/{rel}","templated":true}]}}