{"id":4810,"date":"2022-07-27T17:42:03","date_gmt":"2022-07-27T17:42:03","guid":{"rendered":"https:\/\/kirche-immenhausen-espenau.de\/?page_id=4810"},"modified":"2022-08-18T07:47:30","modified_gmt":"2022-08-18T07:47:30","slug":"gottesdienst","status":"publish","type":"page","link":"https:\/\/kirche-immenhausen-espenau.de\/?page_id=4810","title":{"rendered":"Gottesdienst"},"content":{"rendered":"<h4>Jesus hat zu seinen Freunden gesagt: Wo zwei oder drei in meinem Namen versammelt sind, da bin ich mitten unter ihnen. (Matth\u00e4us 18,20)<\/h4>\n<p><img loading=\"lazy\" decoding=\"async\" class=\" wp-image-5086 alignright\" src=\"https:\/\/kirche-immenhausen-espenau.de\/wp-content\/uploads\/2022\/08\/Predigerin-300x131.jpg\" alt=\"\" width=\"366\" height=\"160\" srcset=\"https:\/\/kirche-immenhausen-espenau.de\/wp-content\/uploads\/2022\/08\/Predigerin-300x131.jpg 300w, https:\/\/kirche-immenhausen-espenau.de\/wp-content\/uploads\/2022\/08\/Predigerin-1024x448.jpg 1024w, https:\/\/kirche-immenhausen-espenau.de\/wp-content\/uploads\/2022\/08\/Predigerin-768x336.jpg 768w, https:\/\/kirche-immenhausen-espenau.de\/wp-content\/uploads\/2022\/08\/Predigerin-1536x673.jpg 1536w, https:\/\/kirche-immenhausen-espenau.de\/wp-content\/uploads\/2022\/08\/Predigerin.jpg 1900w\" sizes=\"auto, (max-width: 366px) 100vw, 366px\" \/>Mit dieser Zusage war und ist der Gottesdienst zu allen Zeiten und in allen christlichen Traditionen ein wesentlicher Bestandteil des Lebens der Gemeinde. Und er hatte und hat immer zwei zentrale Elemente, das H\u00f6ren auf die Botschaft der Bibel und die Feier der Gemeinschaft in umfassendem Sinne. Daf\u00fcr stehen die Schriftlesung und die Predigt, die Feier des Heiligen Abendmahls und der Taufe. Zu diesen Grundelementen des Gottesdienstes sind im Laufe der Zeit Dinge hinzugekommen und manchmal auch wieder verloren gegangen.<\/p>\n<p>Die aktuelle Ordnung des Gottesdienstes beruht auf der Tradition des evangelischen Gottesdienstes und dem Bem\u00fchen den Gottesdienst lebendig zu erhalten. Das gelingt besonders gut mit der Musik, die je nach Anlass mal sehr modern sein kann, mal ganz traditionell. Folgende Grundstruktur hat der Gottesdienst in den vier Gemeinden des Kirchspiels Immenhausen-Espenau:<\/p>\n<ul>\n<li>Musik<\/li>\n<li>(Gesang zur Er\u00f6ffnung)<\/li>\n<li>Begr\u00fc\u00dfung<\/li>\n<li>Lied<\/li>\n<li>Psalm mit Ehr&#8216; sei dem Vater<\/li>\n<li>Bittruf und Lobpreis mit Einladung<\/li>\n<li>Tagesgebet<\/li>\n<li>Lesung mit Halleluja<\/li>\n<li>Glaubensbekenntnis<\/li>\n<li>Lied<\/li>\n<li>Predigt<\/li>\n<li>Lied<\/li>\n<li>(Abk\u00fcndigung)<\/li>\n<li>F\u00fcrbitten<\/li>\n<li>Vaterunser<\/li>\n<li>Lied<\/li>\n<li>Bekanntmachung<\/li>\n<li>Segen mit Amen<\/li>\n<li>Musik<\/li>\n<\/ul>\n<p>Die Feier des Heiligen Abendmahls l\u00e4sst mit allen Sinnen sp\u00fcren und erfahren, was in der Predigt mit Worten zum Ausdruck gebracht wird. Gott schenkt uns im Glauben seine liebevolle Zuwendung und diese l\u00e4sst uns dankbar teilen, was wir empfangen haben. Die Gelehrten haben immer wieder gerungen um das rechte Verst\u00e4ndnis des Abendmahls. Es ist aber die Eigenart von Abendmahl und Taufe, dass sie durch das Mitfeiern wirken und sich nicht&nbsp; erkl\u00e4ren lassen.<\/p>\n<p><img loading=\"lazy\" decoding=\"async\" class=\" wp-image-5085 alignleft\" src=\"https:\/\/kirche-immenhausen-espenau.de\/wp-content\/uploads\/2022\/08\/Einzelkelche-300x239.jpg\" alt=\"\" width=\"344\" height=\"274\" srcset=\"https:\/\/kirche-immenhausen-espenau.de\/wp-content\/uploads\/2022\/08\/Einzelkelche-300x239.jpg 300w, https:\/\/kirche-immenhausen-espenau.de\/wp-content\/uploads\/2022\/08\/Einzelkelche.jpg 488w\" sizes=\"auto, (max-width: 344px) 100vw, 344px\" \/>In der evangelischen Tradition wird die Wertsch\u00e4tzung f\u00fcr das Abendmahl dadurch zum Ausdruck gebracht, dass es besonderen Anl\u00e4ssen vorbehalten ist, den hohen Festen im Jahr, Konfirmation und Jubelkonfirmation. Dadurch ist sein Ablauf weniger ge\u00fcbt als in anderen christlichen Traditionen, in denen das Abendmahl h\u00e4ufiger gefeiert wird.<\/p>\n<p><img loading=\"lazy\" decoding=\"async\" class=\" wp-image-5084 alignright\" src=\"https:\/\/kirche-immenhausen-espenau.de\/wp-content\/uploads\/2022\/08\/Einzelkelch-300x296.png\" alt=\"\" width=\"167\" height=\"165\" srcset=\"https:\/\/kirche-immenhausen-espenau.de\/wp-content\/uploads\/2022\/08\/Einzelkelch-300x296.png 300w, https:\/\/kirche-immenhausen-espenau.de\/wp-content\/uploads\/2022\/08\/Einzelkelch.png 600w\" sizes=\"auto, (max-width: 167px) 100vw, 167px\" \/>Und schlie\u00dflich hat die Coronazeit neu \u00fcber den Ablauf des Abendmahls nachdenken lassen, um den Anforderungen des Gesundheitsschutzes gerecht zu werden. Die Feier des Abendmahls mit Einzelkelchen ist in den meisten Gemeinden zur Regel geworden, wenn sie es nicht schon war wie in Hohenkirchen und M\u00f6nchehof. In Immenhausen wurden dazu kleine Gl\u00e4ser neu angeschafft mit dem Bild der Kirche, in Mariendorf kleine Kelche aus Edelstahl mit einem Symbol. Damit ist die Hofnung verbunden, dass die neue Form der Austeilung bald selbstverst\u00e4ndlich sein wird und das Abendmahl wieder wie gewohnt regelm\u00e4\u00dfig gefeiert werden kann.<\/p>\n<p>Zur Liturgie des Abendmahls geh\u00f6rt der Dank f\u00fcr die geschenkte Zuwendung Gottes, die Erinnerung an die Einsetzung des Abendmahls am Tag vor der Kreuzigung Jesu und das Vaterunser als Tischgebet. \u00dcberlieferte Ges\u00e4nge zum Abendmahl sind das \u201eHeilig, heilig, heilig\u201c und das \u201eChriste, du Lamm Gottes\u201c.<\/p>\n","protected":false},"excerpt":{"rendered":"<p>Jesus hat zu seinen Freunden gesagt: Wo zwei oder drei in meinem Namen versammelt sind, da bin ich mitten unter ihnen. (Matth\u00e4us 18,20) Mit dieser Zusage war und ist der Gottesdienst zu allen Zeiten und in allen christlichen Traditionen ein wesentlicher Bestandteil des Lebens der Gemeinde. Und er hatte und hat immer zwei zentrale Elemente,&hellip;<\/p>\n","protected":false},"author":7,"featured_media":0,"parent":0,"menu_order":0,"comment_status":"closed","ping_status":"closed","template":"","meta":{"footnotes":""},"class_list":["post-4810","page","type-page","status-publish","hentry","description-off"],"publishpress_future_action":{"enabled":false,"date":"2026-05-13 13:02:49","action":"change-status","newStatus":"draft","terms":[],"taxonomy":"","extraData":[]},"publishpress_future_workflow_manual_trigger":{"enabledWorkflows":[]},"_links":{"self":[{"href":"https:\/\/kirche-immenhausen-espenau.de\/index.php?rest_route=\/wp\/v2\/pages\/4810","targetHints":{"allow":["GET"]}}],"collection":[{"href":"https:\/\/kirche-immenhausen-espenau.de\/index.php?rest_route=\/wp\/v2\/pages"}],"about":[{"href":"https:\/\/kirche-immenhausen-espenau.de\/index.php?rest_route=\/wp\/v2\/types\/page"}],"author":[{"embeddable":true,"href":"https:\/\/kirche-immenhausen-espenau.de\/index.php?rest_route=\/wp\/v2\/users\/7"}],"replies":[{"embeddable":true,"href":"https:\/\/kirche-immenhausen-espenau.de\/index.php?rest_route=%2Fwp%2Fv2%2Fcomments&post=4810"}],"version-history":[{"count":19,"href":"https:\/\/kirche-immenhausen-espenau.de\/index.php?rest_route=\/wp\/v2\/pages\/4810\/revisions"}],"predecessor-version":[{"id":5130,"href":"https:\/\/kirche-immenhausen-espenau.de\/index.php?rest_route=\/wp\/v2\/pages\/4810\/revisions\/5130"}],"wp:attachment":[{"href":"https:\/\/kirche-immenhausen-espenau.de\/index.php?rest_route=%2Fwp%2Fv2%2Fmedia&parent=4810"}],"curies":[{"name":"wp","href":"https:\/\/api.w.org\/{rel}","templated":true}]}}