{"id":2900,"date":"2020-04-29T14:22:08","date_gmt":"2020-04-29T14:22:08","guid":{"rendered":"https:\/\/kirche-immenhausen-espenau.de\/?page_id=2900"},"modified":"2025-12-11T15:21:14","modified_gmt":"2025-12-11T15:21:14","slug":"downloads","status":"publish","type":"page","link":"https:\/\/kirche-immenhausen-espenau.de\/?page_id=2900","title":{"rendered":"Gemeindebrief zum Herunterladen"},"content":{"rendered":"<p>2025<\/p>\n<p><a href=\"https:\/\/kirche-immenhausen-espenau.de\/wp-content\/uploads\/2025\/12\/GemeindeLeben-Winter-2025.pdf\">Gemeindeleben_Winter 2025<\/a><\/p>\n<p><a href=\"https:\/\/kirche-immenhausen-espenau.de\/wp-content\/uploads\/2025\/09\/GemeindeLeben-Herbst-2025-1.pdf\">Gemeindeleben_Herbst 2025<\/a><\/p>\n<p><a href=\"https:\/\/kirche-immenhausen-espenau.de\/wp-content\/uploads\/2025\/09\/GemeindeLebe-Sommer-2025.pdf\">Gemeindeleben_Sommer 2025<\/a><\/p>\n<p><a href=\"https:\/\/kirche-immenhausen-espenau.de\/wp-content\/uploads\/2025\/03\/Homepageversion-Fruehjahr-2025-GemeindeLeben.pdf\">Gemeindeleben_Fr\u00fchjahr_2025<\/a><\/p>\n<p>2024<\/p>\n<p><a href=\"https:\/\/kirche-immenhausen-espenau.de\/wp-content\/uploads\/2024\/12\/Homepageversion_Winter-2024.pdf\">Gemeindeleben_Winter_2024<\/a><\/p>\n<p><a href=\"https:\/\/kirche-immenhausen-espenau.de\/wp-content\/uploads\/2024\/09\/Homepageversion_Herbst-2024.pdf\">Gemeindeleben_Herbst 2024<\/a><\/p>\n<p><a href=\"https:\/\/kirche-immenhausen-espenau.de\/wp-content\/uploads\/2024\/05\/Homepageversion.pdf\">Gemeindeleben_Sommer 2024<\/a><\/p>\n<p><a href=\"https:\/\/kirche-immenhausen-espenau.de\/wp-content\/uploads\/2024\/02\/Homepageversion_Fruehjahr-2024.pdf\">Gemeindeleben_Fr\u00fchjahr 2024<\/a><\/p>\n<p>2023<\/p>\n<p><a href=\"https:\/\/kirche-immenhausen-espenau.de\/wp-content\/uploads\/2024\/02\/Homepageversion_Winter-2023.pdf\">Homepageversion_Winter 2023<\/a><\/p>\n<p><a href=\"https:\/\/kirche-immenhausen-espenau.de\/wp-content\/uploads\/2023\/08\/Homepageversion-Herbst-2023-GemeindeLeben.pdf\">Homepageversion Herbst 2023 <\/a><\/p>\n<p><a href=\"https:\/\/kirche-immenhausen-espenau.de\/wp-content\/uploads\/2023\/05\/Homepageversion-Sommer-2023.pdf\">Homepageversion Sommer 2023<\/a><\/p>\n<p><a href=\"https:\/\/kirche-immenhausen-espenau.de\/wp-content\/uploads\/2023\/08\/Homepageversion-Fruehjahr-2023.pdf\">Homepageversion Fr\u00fchjahr 2023<\/a><\/p>\n<p>2022<\/p>\n<p><a href=\"https:\/\/kirche-immenhausen-espenau.de\/wp-content\/uploads\/2022\/11\/Hompepageversion-Winter-2022.pdf\">GemeindeLeben Nr. 8 Winter 2022\/23<\/a><\/p>\n<p><a href=\"https:\/\/kirche-immenhausen-espenau.de\/wp-content\/uploads\/2022\/08\/Homepageversion-Herbst-2022.pdf\">GemeindeLeben Nr. 07 Herbst 2022<\/a><\/p>\n<p><a href=\"https:\/\/kirche-immenhausen-espenau.de\/wp-content\/uploads\/2022\/06\/Homepageversion-Sommer-2022.pdf\">GemeindeLeben Nr. 06 Sommer 2022<\/a><\/p>\n<p><a href=\"https:\/\/kirche-immenhausen-espenau.de\/wp-content\/uploads\/2022\/02\/Homepageversion-GemeindeLeben-Nr.-05-Fruehjahr-2022.pdf\">GemeindeLeben Nr. 05 Fr\u00fchjahr 2022<\/a><\/p>\n<p>2021<\/p>\n<p><a href=\"https:\/\/kirche-immenhausen-espenau.de\/wp-content\/uploads\/2021\/02\/Fruehjahr-2021-Homepageversion.pdf\">GemeindeLeben Fruehjahr 2021<\/a><\/p>\n<p><a href=\"https:\/\/kirche-immenhausen-espenau.de\/wp-content\/uploads\/2021\/06\/Homepageversion-Sommer-2021-mit-Titelseite.pdf\">GemeindeLeben Sommer 2021 <\/a><\/p>\n<p><a href=\"https:\/\/kirche-immenhausen-espenau.de\/wp-content\/uploads\/2021\/09\/Homepageversion-ohne-Familiennachrichten.pdf\">GemeindeLeben Herbst 2021<\/a><\/p>\n<p><a href=\"https:\/\/kirche-immenhausen-espenau.de\/wp-content\/uploads\/2021\/11\/Homepageversion-Winter-2021.pdf\">GemeindeLeben Winter 2021<\/a><\/p>\n<p>2020:<\/p>\n<p><a href=\"https:\/\/kirche-immenhausen-espenau.de\/wp-content\/uploads\/2020\/05\/gem_20_1-web.pdf\" target=\"_blank\" rel=\"noopener noreferrer\">Gemeindebrief 1 2020<\/a><\/p>\n<p><a href=\"https:\/\/kirche-immenhausen-espenau.de\/wp-content\/uploads\/2020\/05\/Gem-2020-2-web.de_.pdf\" target=\"_blank\" rel=\"noopener noreferrer\">Gemeindebrief 2 2020<\/a><\/p>\n<p><a href=\"https:\/\/kirche-immenhausen-espenau.de\/wp-content\/uploads\/2020\/09\/Gem-2020-3-web.pdf\">Gemeindebrief 3 2020<\/a><\/p>\n<p><a href=\"https:\/\/kirche-immenhausen-espenau.de\/wp-content\/uploads\/2020\/12\/2020-4-web.pdf\">Gemeindebrief 4 2020<\/a><\/p>\n<p>2019:<\/p>\n<p><a href=\"https:\/\/kirche-immenhausen-espenau.de\/wp-content\/uploads\/2020\/05\/gem_19_1-web.pdf\" target=\"_blank\" rel=\"noopener noreferrer\">Gemeindebrief 1 2019<\/a><\/p>\n<p><a href=\"https:\/\/kirche-immenhausen-espenau.de\/wp-content\/uploads\/2020\/05\/gem_19_2-web.pdf\" target=\"_blank\" rel=\"noopener noreferrer\">Gemeindebrief 2 2019<\/a><\/p>\n<p><a href=\"https:\/\/kirche-immenhausen-espenau.de\/wp-content\/uploads\/2020\/05\/gem_19_3-web.pdf\" target=\"_blank\" rel=\"noopener noreferrer\">Gemeindebrief 3 2019<\/a><\/p>\n<p><a href=\"https:\/\/kirche-immenhausen-espenau.de\/wp-content\/uploads\/2020\/05\/gem_19_4-web.pdf\" target=\"_blank\" rel=\"noopener noreferrer\">Gemeindebrief 4 2019<\/a><\/p>\n<p>2018:<\/p>\n<p><a href=\"https:\/\/kirche-immenhausen-espenau.de\/wp-content\/uploads\/2020\/05\/gem_18_1-web.pdf\" target=\"_blank\" rel=\"noopener noreferrer\">Gemeindebrief 1 2018<\/a><\/p>\n<p><a href=\"https:\/\/kirche-immenhausen-espenau.de\/wp-content\/uploads\/2020\/05\/gem_18_2-web.pdf\" target=\"_blank\" rel=\"noopener noreferrer\">Gemeindebrief 2 2018<\/a><\/p>\n<p><a href=\"https:\/\/kirche-immenhausen-espenau.de\/wp-content\/uploads\/2020\/05\/gem_18_3-web.pdf\" target=\"_blank\" rel=\"noopener noreferrer\">Gemeindebrief 3 2018<\/a><\/p>\n<p><a href=\"https:\/\/kirche-immenhausen-espenau.de\/wp-content\/uploads\/2020\/05\/gem_18_4-web.pdf\" target=\"_blank\" rel=\"noopener noreferrer\">Gemeindebrief 4 2018<\/a><\/p>\n<p>2017:<\/p>\n<p><a href=\"https:\/\/kirche-immenhausen-espenau.de\/wp-content\/uploads\/2020\/05\/gem_17_1-web.pdf\" target=\"_blank\" rel=\"noopener noreferrer\">Gemeindebrief 1 2017<\/a><\/p>\n<p><a href=\"https:\/\/kirche-immenhausen-espenau.de\/wp-content\/uploads\/2020\/05\/gem_17_2-web.pdf\" target=\"_blank\" rel=\"noopener noreferrer\">Gemeindebrief 2 2017<\/a><\/p>\n<p><a href=\"https:\/\/kirche-immenhausen-espenau.de\/wp-content\/uploads\/2020\/05\/gem_17_3-web.pdf\" target=\"_blank\" rel=\"noopener noreferrer\">Gemeindebrief 3 2017<\/a><\/p>\n<p><a href=\"https:\/\/kirche-immenhausen-espenau.de\/wp-content\/uploads\/2020\/05\/gem_17_4-web.pdf\" target=\"_blank\" rel=\"noopener noreferrer\">Gemeindebrief 4 2017<\/a><\/p>\n<p>2016:<\/p>\n<p><a href=\"https:\/\/kirche-immenhausen-espenau.de\/wp-content\/uploads\/2020\/05\/gem_16_2-web.pdf\" target=\"_blank\" rel=\"noopener noreferrer\">Gemeindebrief 2 2016<\/a><\/p>\n<p><a href=\"https:\/\/kirche-immenhausen-espenau.de\/wp-content\/uploads\/2020\/05\/gem_16_3-web.pdf\" target=\"_blank\" rel=\"noopener noreferrer\">Gemeindebrief 3 2016<\/a><\/p>\n<p><a href=\"https:\/\/kirche-immenhausen-espenau.de\/wp-content\/uploads\/2020\/05\/gem_16_4-web.pdf\" target=\"_blank\" rel=\"noopener noreferrer\">Gemeindebrief 4 2016<\/a><\/p>\n\n\n<p><\/p>\n\n\n\n<p>&nbsp;<\/p>\n","protected":false},"excerpt":{"rendered":"<p>2025 Gemeindeleben_Winter 2025 Gemeindeleben_Herbst 2025 Gemeindeleben_Sommer 2025 Gemeindeleben_Fr\u00fchjahr_2025 2024 Gemeindeleben_Winter_2024 Gemeindeleben_Herbst 2024 Gemeindeleben_Sommer 2024 Gemeindeleben_Fr\u00fchjahr 2024 2023 Homepageversion_Winter 2023 Homepageversion Herbst 2023 Homepageversion Sommer 2023 Homepageversion Fr\u00fchjahr 2023 2022 GemeindeLeben Nr. 8 Winter 2022\/23 GemeindeLeben Nr. 07 Herbst 2022 GemeindeLeben Nr. 06 Sommer 2022 GemeindeLeben Nr. 05 Fr\u00fchjahr 2022 2021 GemeindeLeben Fruehjahr 2021 GemeindeLeben Sommer&hellip;<\/p>\n","protected":false},"author":7,"featured_media":0,"parent":0,"menu_order":0,"comment_status":"closed","ping_status":"closed","template":"","meta":{"footnotes":""},"class_list":["post-2900","page","type-page","status-publish","hentry","description-off"],"publishpress_future_action":{"enabled":false,"date":"2026-04-28 11:08:58","action":"change-status","newStatus":"draft","terms":[],"taxonomy":"","extraData":[]},"publishpress_future_workflow_manual_trigger":{"enabledWorkflows":[]},"_links":{"self":[{"href":"https:\/\/kirche-immenhausen-espenau.de\/index.php?rest_route=\/wp\/v2\/pages\/2900","targetHints":{"allow":["GET"]}}],"collection":[{"href":"https:\/\/kirche-immenhausen-espenau.de\/index.php?rest_route=\/wp\/v2\/pages"}],"about":[{"href":"https:\/\/kirche-immenhausen-espenau.de\/index.php?rest_route=\/wp\/v2\/types\/page"}],"author":[{"embeddable":true,"href":"https:\/\/kirche-immenhausen-espenau.de\/index.php?rest_route=\/wp\/v2\/users\/7"}],"replies":[{"embeddable":true,"href":"https:\/\/kirche-immenhausen-espenau.de\/index.php?rest_route=%2Fwp%2Fv2%2Fcomments&post=2900"}],"version-history":[{"count":81,"href":"https:\/\/kirche-immenhausen-espenau.de\/index.php?rest_route=\/wp\/v2\/pages\/2900\/revisions"}],"predecessor-version":[{"id":8035,"href":"https:\/\/kirche-immenhausen-espenau.de\/index.php?rest_route=\/wp\/v2\/pages\/2900\/revisions\/8035"}],"wp:attachment":[{"href":"https:\/\/kirche-immenhausen-espenau.de\/index.php?rest_route=%2Fwp%2Fv2%2Fmedia&parent=2900"}],"curies":[{"name":"wp","href":"https:\/\/api.w.org\/{rel}","templated":true}]}}