{"id":2797,"date":"2020-04-15T10:08:22","date_gmt":"2020-04-15T10:08:22","guid":{"rendered":"https:\/\/kirche-immenhausen-espenau.de\/?page_id=2797"},"modified":"2025-04-10T11:08:17","modified_gmt":"2025-04-10T11:08:17","slug":"kooperationsraum-nachbarn-am-reinhardswald","status":"publish","type":"page","link":"https:\/\/kirche-immenhausen-espenau.de\/?page_id=2797","title":{"rendered":"Kooperationsraum"},"content":{"rendered":"<div class=\"wpb-content-wrapper\"><p>[vc_row][vc_column][vc_text_separator title=&#8220;Wir sind gemeinsam auf dem Weg &#8230;&#8220;][vc_column_text css=&#8220;&#8220;]<img loading=\"lazy\" decoding=\"async\" class=\" wp-image-5322 alignright\" src=\"https:\/\/kirche-immenhausen-espenau.de\/wp-content\/uploads\/2022\/08\/Logo-Rand-272x300.jpg\" alt=\"\" width=\"367\" height=\"404\" srcset=\"https:\/\/kirche-immenhausen-espenau.de\/wp-content\/uploads\/2022\/08\/Logo-Rand-272x300.jpg 272w, https:\/\/kirche-immenhausen-espenau.de\/wp-content\/uploads\/2022\/08\/Logo-Rand-930x1024.jpg 930w, https:\/\/kirche-immenhausen-espenau.de\/wp-content\/uploads\/2022\/08\/Logo-Rand-768x846.jpg 768w, https:\/\/kirche-immenhausen-espenau.de\/wp-content\/uploads\/2022\/08\/Logo-Rand.jpg 1115w\" sizes=\"auto, (max-width: 367px) 100vw, 367px\" \/>2020 wurde der Kirchenkreis Hofgeismar-Wolfhagen gebildet mit 71 Kirchengemeinden von Arenborn bis Altenst\u00e4dt.<\/p>\n<p>Um die intensive Zusammenarbeit benachbarter Kirchengemeinden zu f\u00f6rdern wurden acht Kooperationsr\u00e4ume geschaffen. Die Kirchengemeinden des Kirchspiels Immenhausen-Espenau geh\u00f6ren mit den Kirchengemeinden Grebenstein, Schachten, Burguffeln, Holzhausen, Wilhelmshausen, Knickhagen und der Paulusgemeinde Hombressen-Udenhausen zum Kooperationsraum \u201eNachbarn am Reinhardswald\u201c.<\/p>\n<p>Unterst\u00fctzt wird die Zusammenarbeit der Kirchengemeinden durch das gemeinsame Kirchenb\u00fcro Reinhardswald, in dem seit dem 01.03.2020 als Verwaltungsassistentin Heike Jordan arbeitet. Sie entlastet die Pfarrerinnen und Pfarrer des Kooperationsraums bei Verwaltungsaufgaben der Gesch\u00e4ftsf\u00fchrung und \u00fcbernimmt erhebliche Teile der gemeinsamen \u00d6ffentlichkeitsarbeit. Das Kirchenb\u00fcro ist untergebracht im B\u00fcrogeb\u00e4ude der Kirchengemeinde Immenhausen im Kampweg 17b.<\/p>\n<p style=\"text-align: center;\" aria-hidden=\"true\">Sprechzeiten der Verwaltungsassistentin im Kirchenb\u00fcro:<\/p>\n<p style=\"text-align: center;\">Montag bis Freitag 9.00 bis 12.00 Uhr.<\/p>\n<p style=\"text-align: center;\">Telefon: <a href=\"tel:+495673925508\">+49 5673 925508<\/a><\/p>\n<p style=\"text-align: center;\">E-Mail: <a href=\"mailto:kirchenbuero.reinhardswald@ekkw.de?Subject=Kontakt%20%C3%BCber%20die%20Webseite%20www.kirche-immenhausen-espenau.de\">kirchenbuero.reinhardswald(at)ekkw.de<\/a><\/p>\n<p aria-hidden=\"true\">Der Grundgedanke f\u00fcr die Arbeit in den Kooperationsr\u00e4umen lautet:<\/p>\n<p><strong>Keine Gemeinde muss alles alleine tun! Einander helfen und voneinander profitieren!<\/strong><\/p>\n<p>Das bedeutet konkret (mit zunehmender Verbindlichkeit):<\/p>\n<p>1) Die Pfarrerinnen und Pfarrer sprechen sich ab f\u00fcr Vertretungen und entlastende Zusammenarbeit.<\/p>\n<p>2) Arbeitsgruppen und Gremien im Kooperationsraum kommen zusammen, um das Kennenlernen und die Vernetzung der Mitarbeitenden zu f\u00f6rdern. Dies gilt besonders f\u00fcr den Kooperationsraum-Ausschuss mit Vertreterinnen und Vertretern aus allen Kirchenvorst\u00e4nden und der Jugendarbeit.<\/p>\n<p>3) Einzelne Projekte des gemeindlichen Lebens und der Jugendarbeit werden gemeinsam vorbereitet und durchgef\u00fchrt.<\/p>\n<p>4) Die kontinuierliche Zusammenarbeit der Kirchengemeinden wird vertieft und verstetigt durch die Bildung von Schwerpunkten (besondere Gottesdienstformen, Predigtreihen, Konfirmandenarbeit, Kirchenmusik, Kanzeltausch, gemeinsame \u00d6ffentlichkeitsarbeit).<\/p>\n<p>5) Regelm\u00e4\u00dfig treffen sich die hauptberuflich Mitarbeitenden zu Dienstbesprechungen f\u00fcr verbindliche Absprachen und Planungen.[\/vc_column_text][\/vc_column][\/vc_row][vc_row][vc_column][\/vc_column][\/vc_row]<\/p>\n<\/div>","protected":false},"excerpt":{"rendered":"<p>[vc_row][vc_column][vc_text_separator title=&#8220;Wir sind gemeinsam auf dem Weg &#8230;&#8220;][vc_column_text css=&#8220;&#8220;]2020 wurde der Kirchenkreis Hofgeismar-Wolfhagen gebildet mit 71 Kirchengemeinden von Arenborn bis Altenst\u00e4dt. Um die intensive Zusammenarbeit benachbarter Kirchengemeinden zu f\u00f6rdern wurden acht Kooperationsr\u00e4ume geschaffen. Die Kirchengemeinden des Kirchspiels Immenhausen-Espenau geh\u00f6ren mit den Kirchengemeinden Grebenstein, Schachten, Burguffeln, Holzhausen, Wilhelmshausen, Knickhagen und der Paulusgemeinde Hombressen-Udenhausen zum Kooperationsraum \u201eNachbarn&hellip;<\/p>\n","protected":false},"author":7,"featured_media":0,"parent":0,"menu_order":0,"comment_status":"closed","ping_status":"closed","template":"","meta":{"footnotes":""},"class_list":["post-2797","page","type-page","status-publish","hentry","description-off"],"publishpress_future_action":{"enabled":false,"date":"2026-05-13 13:03:00","action":"change-status","newStatus":"draft","terms":[],"taxonomy":"","extraData":[]},"publishpress_future_workflow_manual_trigger":{"enabledWorkflows":[]},"_links":{"self":[{"href":"https:\/\/kirche-immenhausen-espenau.de\/index.php?rest_route=\/wp\/v2\/pages\/2797","targetHints":{"allow":["GET"]}}],"collection":[{"href":"https:\/\/kirche-immenhausen-espenau.de\/index.php?rest_route=\/wp\/v2\/pages"}],"about":[{"href":"https:\/\/kirche-immenhausen-espenau.de\/index.php?rest_route=\/wp\/v2\/types\/page"}],"author":[{"embeddable":true,"href":"https:\/\/kirche-immenhausen-espenau.de\/index.php?rest_route=\/wp\/v2\/users\/7"}],"replies":[{"embeddable":true,"href":"https:\/\/kirche-immenhausen-espenau.de\/index.php?rest_route=%2Fwp%2Fv2%2Fcomments&post=2797"}],"version-history":[{"count":19,"href":"https:\/\/kirche-immenhausen-espenau.de\/index.php?rest_route=\/wp\/v2\/pages\/2797\/revisions"}],"predecessor-version":[{"id":7696,"href":"https:\/\/kirche-immenhausen-espenau.de\/index.php?rest_route=\/wp\/v2\/pages\/2797\/revisions\/7696"}],"wp:attachment":[{"href":"https:\/\/kirche-immenhausen-espenau.de\/index.php?rest_route=%2Fwp%2Fv2%2Fmedia&parent=2797"}],"curies":[{"name":"wp","href":"https:\/\/api.w.org\/{rel}","templated":true}]}}